{"id":2935,"date":"2021-01-04T14:51:44","date_gmt":"2021-01-04T14:51:44","guid":{"rendered":"https:\/\/lescoulissesdustyle.com\/blog\/?page_id=2935"},"modified":"2022-04-14T15:15:18","modified_gmt":"2022-04-14T15:15:18","slug":"reservation-ateliers-de-groupe","status":"publish","type":"page","link":"https:\/\/lescoulissesdustyle.com\/blog\/reservation-ateliers-de-groupe\/","title":{"rendered":"R\u00e9servation ateliers de groupe"},"content":{"rendered":"\t\t<div data-elementor-type=\"wp-page\" data-elementor-id=\"2935\" class=\"elementor elementor-2935\">\n\t\t\t\t\t\t\t\t\t<section class=\"elementor-section elementor-top-section elementor-element elementor-element-2e320c4 elementor-section-boxed elementor-section-height-default elementor-section-height-default\" data-id=\"2e320c4\" data-element_type=\"section\">\n\t\t\t\t\t\t<div class=\"elementor-container elementor-column-gap-default\">\n\t\t\t\t\t<div class=\"elementor-column elementor-col-100 elementor-top-column elementor-element elementor-element-0e8c72b\" data-id=\"0e8c72b\" data-element_type=\"column\">\n\t\t\t<div class=\"elementor-widget-wrap elementor-element-populated\">\n\t\t\t\t\t\t\t\t<div class=\"elementor-element elementor-element-c202faa elementor-widget elementor-widget-heading\" data-id=\"c202faa\" data-element_type=\"widget\" data-widget_type=\"heading.default\">\n\t\t\t\t<div class=\"elementor-widget-container\">\n\t\t\t<h1 class=\"elementor-heading-title elementor-size-default\">R\u00e9servez votre place \u00e0 un atelier de groupe<\/h1>\t\t<\/div>\n\t\t\t\t<\/div>\n\t\t\t\t<div class=\"elementor-element elementor-element-6224ded elementor-widget elementor-widget-spacer\" data-id=\"6224ded\" data-element_type=\"widget\" data-widget_type=\"spacer.default\">\n\t\t\t\t<div class=\"elementor-widget-container\">\n\t\t\t\t\t<div class=\"elementor-spacer\">\n\t\t\t<div class=\"elementor-spacer-inner\"><\/div>\n\t\t<\/div>\n\t\t\t\t<\/div>\n\t\t\t\t<\/div>\n\t\t\t\t<div class=\"elementor-element elementor-element-2a9f5ce elementor-widget elementor-widget-text-editor\" data-id=\"2a9f5ce\" data-element_type=\"widget\" data-widget_type=\"text-editor.default\">\n\t\t\t\t<div class=\"elementor-widget-container\">\n\t\t\t\t\t\t\t<p>Les cr\u00e9neaux ont \u00e9t\u00e9 fix\u00e9s pour le mois de janvier et f\u00e9vrier 2021. D&rsquo;autres cr\u00e9neaux sont \u00e0 venir.<\/p><p>Si vous \u00eates un groupe d&rsquo;amies et qu&rsquo;aucun des cr\u00e9neaux propos\u00e9s ne vous convient, <a href=\"https:\/\/lescoulissesdustyle.com\/blog\/contact-coulisses-du-style\/\">n&rsquo;h\u00e9sitez pas \u00e0 me contacter<\/a> pour trouver un arrangement.<\/p>\t\t\t\t\t\t<\/div>\n\t\t\t\t<\/div>\n\t\t\t\t\t<\/div>\n\t\t<\/div>\n\t\t\t\t\t\t\t<\/div>\n\t\t<\/section>\n\t\t\t\t<section class=\"elementor-section elementor-top-section elementor-element elementor-element-6490aee elementor-section-boxed elementor-section-height-default elementor-section-height-default\" data-id=\"6490aee\" data-element_type=\"section\">\n\t\t\t\t\t\t<div class=\"elementor-container elementor-column-gap-default\">\n\t\t\t\t\t<div class=\"elementor-column elementor-col-100 elementor-top-column elementor-element elementor-element-e9b5d8c\" data-id=\"e9b5d8c\" data-element_type=\"column\">\n\t\t\t<div class=\"elementor-widget-wrap\">\n\t\t\t\t\t\t\t\t\t<\/div>\n\t\t<\/div>\n\t\t\t\t\t\t\t<\/div>\n\t\t<\/section>\n\t\t\t\t\t\t\t<\/div>\n\t\t","protected":false},"excerpt":{"rendered":"<p>R\u00e9servez votre place \u00e0 un atelier de groupe Les cr\u00e9neaux ont \u00e9t\u00e9 fix\u00e9s pour le mois de janvier et f\u00e9vrier 2021. D&rsquo;autres cr\u00e9neaux sont \u00e0 venir. Si vous \u00eates un groupe d&rsquo;amies et qu&rsquo;aucun des cr\u00e9neaux propos\u00e9s ne vous convient, n&rsquo;h\u00e9sitez pas \u00e0 me contacter pour trouver un arrangement. Administrator options Send notification emails for &hellip;<\/p>\n<p class=\"read-more\"> <a class=\"\" href=\"https:\/\/lescoulissesdustyle.com\/blog\/reservation-ateliers-de-groupe\/\"> <span class=\"screen-reader-text\">R\u00e9servation ateliers de groupe<\/span> Lire la suite\u00a0\u00bb<\/a><\/p>\n","protected":false},"author":2,"featured_media":0,"parent":0,"menu_order":0,"comment_status":"closed","ping_status":"closed","template":"","meta":{"site-sidebar-layout":"default","site-content-layout":"default","ast-global-header-display":"","ast-main-header-display":"","ast-hfb-above-header-display":"","ast-hfb-below-header-display":"","ast-hfb-mobile-header-display":"","site-post-title":"","ast-breadcrumbs-content":"","ast-featured-img":"","footer-sml-layout":"","theme-transparent-header-meta":"","adv-header-id-meta":"","stick-header-meta":"","header-above-stick-meta":"","header-main-stick-meta":"","header-below-stick-meta":""},"yoast_head":"<!-- This site is optimized with the Yoast SEO plugin v18.8 - https:\/\/yoast.com\/wordpress\/plugins\/seo\/ -->\n<title>R\u00e9servation ateliers de groupe - Les Coulisses du Style<\/title>\n<meta name=\"robots\" content=\"index, follow, max-snippet:-1, max-image-preview:large, max-video-preview:-1\" \/>\n<link rel=\"canonical\" href=\"https:\/\/lescoulissesdustyle.com\/blog\/reservation-ateliers-de-groupe\/\" \/>\n<meta property=\"og:locale\" content=\"fr_FR\" \/>\n<meta property=\"og:type\" content=\"article\" \/>\n<meta property=\"og:title\" content=\"R\u00e9servation ateliers de groupe - Les Coulisses du Style\" \/>\n<meta property=\"og:description\" content=\"R\u00e9servez votre place \u00e0 un atelier de groupe Les cr\u00e9neaux ont \u00e9t\u00e9 fix\u00e9s pour le mois de janvier et f\u00e9vrier 2021. D&rsquo;autres cr\u00e9neaux sont \u00e0 venir. Si vous \u00eates un groupe d&rsquo;amies et qu&rsquo;aucun des cr\u00e9neaux propos\u00e9s ne vous convient, n&rsquo;h\u00e9sitez pas \u00e0 me contacter pour trouver un arrangement. Administrator options Send notification emails for &hellip; R\u00e9servation ateliers de groupe Lire la suite\u00a0\u00bb\" \/>\n<meta property=\"og:url\" content=\"https:\/\/lescoulissesdustyle.com\/blog\/reservation-ateliers-de-groupe\/\" \/>\n<meta property=\"og:site_name\" content=\"Les Coulisses du Style\" \/>\n<meta property=\"article:publisher\" content=\"https:\/\/www.facebook.com\/lescoulissesdustyle\/\" \/>\n<meta property=\"article:modified_time\" content=\"2022-04-14T15:15:18+00:00\" \/>\n<meta name=\"twitter:card\" content=\"summary_large_image\" \/>\n<script type=\"application\/ld+json\" class=\"yoast-schema-graph\">{\"@context\":\"https:\/\/schema.org\",\"@graph\":[{\"@type\":\"Organization\",\"@id\":\"https:\/\/lescoulissesdustyle.com\/blog\/#organization\",\"name\":\"Les Coulisses du Style\",\"url\":\"https:\/\/lescoulissesdustyle.com\/blog\/\",\"sameAs\":[\"https:\/\/www.facebook.com\/lescoulissesdustyle\/\",\"https:\/\/www.instagram.com\/lescoulissesdustyle\/?hl=fr\"],\"logo\":{\"@type\":\"ImageObject\",\"inLanguage\":\"fr-FR\",\"@id\":\"https:\/\/lescoulissesdustyle.com\/blog\/#\/schema\/logo\/image\/\",\"url\":\"https:\/\/lescoulissesdustyle.com\/blog\/wp-content\/uploads\/2020\/09\/logo-noir.jpg\",\"contentUrl\":\"https:\/\/lescoulissesdustyle.com\/blog\/wp-content\/uploads\/2020\/09\/logo-noir.jpg\",\"width\":2314,\"height\":2136,\"caption\":\"Les Coulisses du Style\"},\"image\":{\"@id\":\"https:\/\/lescoulissesdustyle.com\/blog\/#\/schema\/logo\/image\/\"}},{\"@type\":\"WebSite\",\"@id\":\"https:\/\/lescoulissesdustyle.com\/blog\/#website\",\"url\":\"https:\/\/lescoulissesdustyle.com\/blog\/\",\"name\":\"Les Coulisses du Style\",\"description\":\"La mode ce n&#039;est pas ce qui se fait, c&#039;est ce qui vous va !\",\"publisher\":{\"@id\":\"https:\/\/lescoulissesdustyle.com\/blog\/#organization\"},\"potentialAction\":[{\"@type\":\"SearchAction\",\"target\":{\"@type\":\"EntryPoint\",\"urlTemplate\":\"https:\/\/lescoulissesdustyle.com\/blog\/?s={search_term_string}\"},\"query-input\":\"required name=search_term_string\"}],\"inLanguage\":\"fr-FR\"},{\"@type\":\"WebPage\",\"@id\":\"https:\/\/lescoulissesdustyle.com\/blog\/reservation-ateliers-de-groupe\/#webpage\",\"url\":\"https:\/\/lescoulissesdustyle.com\/blog\/reservation-ateliers-de-groupe\/\",\"name\":\"R\u00e9servation ateliers de groupe - Les Coulisses du Style\",\"isPartOf\":{\"@id\":\"https:\/\/lescoulissesdustyle.com\/blog\/#website\"},\"datePublished\":\"2021-01-04T14:51:44+00:00\",\"dateModified\":\"2022-04-14T15:15:18+00:00\",\"breadcrumb\":{\"@id\":\"https:\/\/lescoulissesdustyle.com\/blog\/reservation-ateliers-de-groupe\/#breadcrumb\"},\"inLanguage\":\"fr-FR\",\"potentialAction\":[{\"@type\":\"ReadAction\",\"target\":[\"https:\/\/lescoulissesdustyle.com\/blog\/reservation-ateliers-de-groupe\/\"]}]},{\"@type\":\"BreadcrumbList\",\"@id\":\"https:\/\/lescoulissesdustyle.com\/blog\/reservation-ateliers-de-groupe\/#breadcrumb\",\"itemListElement\":[{\"@type\":\"ListItem\",\"position\":1,\"name\":\"Accueil\",\"item\":\"https:\/\/lescoulissesdustyle.com\/blog\/\"},{\"@type\":\"ListItem\",\"position\":2,\"name\":\"R\u00e9servation ateliers de groupe\"}]}]}<\/script>\n<!-- \/ Yoast SEO plugin. -->","yoast_head_json":{"title":"R\u00e9servation ateliers de groupe - Les Coulisses du Style","robots":{"index":"index","follow":"follow","max-snippet":"max-snippet:-1","max-image-preview":"max-image-preview:large","max-video-preview":"max-video-preview:-1"},"canonical":"https:\/\/lescoulissesdustyle.com\/blog\/reservation-ateliers-de-groupe\/","og_locale":"fr_FR","og_type":"article","og_title":"R\u00e9servation ateliers de groupe - Les Coulisses du Style","og_description":"R\u00e9servez votre place \u00e0 un atelier de groupe Les cr\u00e9neaux ont \u00e9t\u00e9 fix\u00e9s pour le mois de janvier et f\u00e9vrier 2021. D&rsquo;autres cr\u00e9neaux sont \u00e0 venir. Si vous \u00eates un groupe d&rsquo;amies et qu&rsquo;aucun des cr\u00e9neaux propos\u00e9s ne vous convient, n&rsquo;h\u00e9sitez pas \u00e0 me contacter pour trouver un arrangement. Administrator options Send notification emails for &hellip; R\u00e9servation ateliers de groupe Lire la suite\u00a0\u00bb","og_url":"https:\/\/lescoulissesdustyle.com\/blog\/reservation-ateliers-de-groupe\/","og_site_name":"Les Coulisses du Style","article_publisher":"https:\/\/www.facebook.com\/lescoulissesdustyle\/","article_modified_time":"2022-04-14T15:15:18+00:00","twitter_card":"summary_large_image","schema":{"@context":"https:\/\/schema.org","@graph":[{"@type":"Organization","@id":"https:\/\/lescoulissesdustyle.com\/blog\/#organization","name":"Les Coulisses du Style","url":"https:\/\/lescoulissesdustyle.com\/blog\/","sameAs":["https:\/\/www.facebook.com\/lescoulissesdustyle\/","https:\/\/www.instagram.com\/lescoulissesdustyle\/?hl=fr"],"logo":{"@type":"ImageObject","inLanguage":"fr-FR","@id":"https:\/\/lescoulissesdustyle.com\/blog\/#\/schema\/logo\/image\/","url":"https:\/\/lescoulissesdustyle.com\/blog\/wp-content\/uploads\/2020\/09\/logo-noir.jpg","contentUrl":"https:\/\/lescoulissesdustyle.com\/blog\/wp-content\/uploads\/2020\/09\/logo-noir.jpg","width":2314,"height":2136,"caption":"Les Coulisses du Style"},"image":{"@id":"https:\/\/lescoulissesdustyle.com\/blog\/#\/schema\/logo\/image\/"}},{"@type":"WebSite","@id":"https:\/\/lescoulissesdustyle.com\/blog\/#website","url":"https:\/\/lescoulissesdustyle.com\/blog\/","name":"Les Coulisses du Style","description":"La mode ce n&#039;est pas ce qui se fait, c&#039;est ce qui vous va !","publisher":{"@id":"https:\/\/lescoulissesdustyle.com\/blog\/#organization"},"potentialAction":[{"@type":"SearchAction","target":{"@type":"EntryPoint","urlTemplate":"https:\/\/lescoulissesdustyle.com\/blog\/?s={search_term_string}"},"query-input":"required name=search_term_string"}],"inLanguage":"fr-FR"},{"@type":"WebPage","@id":"https:\/\/lescoulissesdustyle.com\/blog\/reservation-ateliers-de-groupe\/#webpage","url":"https:\/\/lescoulissesdustyle.com\/blog\/reservation-ateliers-de-groupe\/","name":"R\u00e9servation ateliers de groupe - Les Coulisses du Style","isPartOf":{"@id":"https:\/\/lescoulissesdustyle.com\/blog\/#website"},"datePublished":"2021-01-04T14:51:44+00:00","dateModified":"2022-04-14T15:15:18+00:00","breadcrumb":{"@id":"https:\/\/lescoulissesdustyle.com\/blog\/reservation-ateliers-de-groupe\/#breadcrumb"},"inLanguage":"fr-FR","potentialAction":[{"@type":"ReadAction","target":["https:\/\/lescoulissesdustyle.com\/blog\/reservation-ateliers-de-groupe\/"]}]},{"@type":"BreadcrumbList","@id":"https:\/\/lescoulissesdustyle.com\/blog\/reservation-ateliers-de-groupe\/#breadcrumb","itemListElement":[{"@type":"ListItem","position":1,"name":"Accueil","item":"https:\/\/lescoulissesdustyle.com\/blog\/"},{"@type":"ListItem","position":2,"name":"R\u00e9servation ateliers de groupe"}]}]}},"_links":{"self":[{"href":"https:\/\/lescoulissesdustyle.com\/blog\/wp-json\/wp\/v2\/pages\/2935"}],"collection":[{"href":"https:\/\/lescoulissesdustyle.com\/blog\/wp-json\/wp\/v2\/pages"}],"about":[{"href":"https:\/\/lescoulissesdustyle.com\/blog\/wp-json\/wp\/v2\/types\/page"}],"author":[{"embeddable":true,"href":"https:\/\/lescoulissesdustyle.com\/blog\/wp-json\/wp\/v2\/users\/2"}],"replies":[{"embeddable":true,"href":"https:\/\/lescoulissesdustyle.com\/blog\/wp-json\/wp\/v2\/comments?post=2935"}],"version-history":[{"count":21,"href":"https:\/\/lescoulissesdustyle.com\/blog\/wp-json\/wp\/v2\/pages\/2935\/revisions"}],"predecessor-version":[{"id":14338,"href":"https:\/\/lescoulissesdustyle.com\/blog\/wp-json\/wp\/v2\/pages\/2935\/revisions\/14338"}],"wp:attachment":[{"href":"https:\/\/lescoulissesdustyle.com\/blog\/wp-json\/wp\/v2\/media?parent=2935"}],"curies":[{"name":"wp","href":"https:\/\/api.w.org\/{rel}","templated":true}]}}