{"id":2953,"date":"2021-01-04T15:52:18","date_gmt":"2021-01-04T15:52:18","guid":{"rendered":"https:\/\/lescoulissesdustyle.com\/blog\/?page_id=2953"},"modified":"2021-01-04T16:03:21","modified_gmt":"2021-01-04T16:03:21","slug":"reservation-prestation-individuelle","status":"publish","type":"page","link":"https:\/\/lescoulissesdustyle.com\/blog\/reservation-prestation-individuelle\/","title":{"rendered":"R\u00e9servation prestation individuelle"},"content":{"rendered":"\t\t<div data-elementor-type=\"wp-page\" data-elementor-id=\"2953\" class=\"elementor elementor-2953\">\n\t\t\t\t\t\t\t\t\t<section class=\"elementor-section elementor-top-section elementor-element elementor-element-91ff03a elementor-section-boxed elementor-section-height-default elementor-section-height-default\" data-id=\"91ff03a\" data-element_type=\"section\">\n\t\t\t\t\t\t<div class=\"elementor-container elementor-column-gap-default\">\n\t\t\t\t\t<div class=\"elementor-column elementor-col-100 elementor-top-column elementor-element elementor-element-c4ff544\" data-id=\"c4ff544\" data-element_type=\"column\">\n\t\t\t<div class=\"elementor-widget-wrap elementor-element-populated\">\n\t\t\t\t\t\t\t\t<div class=\"elementor-element elementor-element-e6d5cfc elementor-widget elementor-widget-heading\" data-id=\"e6d5cfc\" data-element_type=\"widget\" data-widget_type=\"heading.default\">\n\t\t\t\t<div class=\"elementor-widget-container\">\n\t\t\t<h1 class=\"elementor-heading-title elementor-size-default\">R\u00e9servez votre cr\u00e9neau pour une prestation de conseil en image<\/h1>\t\t<\/div>\n\t\t\t\t<\/div>\n\t\t\t\t<div class=\"elementor-element elementor-element-63b51c8 elementor-widget elementor-widget-spacer\" data-id=\"63b51c8\" data-element_type=\"widget\" data-widget_type=\"spacer.default\">\n\t\t\t\t<div class=\"elementor-widget-container\">\n\t\t\t\t\t<div class=\"elementor-spacer\">\n\t\t\t<div class=\"elementor-spacer-inner\"><\/div>\n\t\t<\/div>\n\t\t\t\t<\/div>\n\t\t\t\t<\/div>\n\t\t\t\t\t<\/div>\n\t\t<\/div>\n\t\t\t\t\t\t\t<\/div>\n\t\t<\/section>\n\t\t\t\t<section class=\"elementor-section elementor-top-section elementor-element elementor-element-a853b3b elementor-section-boxed elementor-section-height-default elementor-section-height-default\" data-id=\"a853b3b\" data-element_type=\"section\">\n\t\t\t\t\t\t<div class=\"elementor-container elementor-column-gap-default\">\n\t\t\t\t\t<div class=\"elementor-column elementor-col-100 elementor-top-column elementor-element elementor-element-922cb2a\" data-id=\"922cb2a\" data-element_type=\"column\">\n\t\t\t<div class=\"elementor-widget-wrap\">\n\t\t\t\t\t\t\t\t\t<\/div>\n\t\t<\/div>\n\t\t\t\t\t\t\t<\/div>\n\t\t<\/section>\n\t\t\t\t\t\t\t<\/div>\n\t\t","protected":false},"excerpt":{"rendered":"<p>R\u00e9servez votre cr\u00e9neau pour une prestation de conseil en image Administrator options Send notification emails for this booking R\u00e9server<\/p>\n","protected":false},"author":2,"featured_media":0,"parent":0,"menu_order":0,"comment_status":"closed","ping_status":"closed","template":"","meta":{"site-sidebar-layout":"default","site-content-layout":"default","ast-global-header-display":"","ast-main-header-display":"","ast-hfb-above-header-display":"","ast-hfb-below-header-display":"","ast-hfb-mobile-header-display":"","site-post-title":"","ast-breadcrumbs-content":"","ast-featured-img":"","footer-sml-layout":"","theme-transparent-header-meta":"","adv-header-id-meta":"","stick-header-meta":"","header-above-stick-meta":"","header-main-stick-meta":"","header-below-stick-meta":""},"yoast_head":"<!-- This site is optimized with the Yoast SEO plugin v18.8 - https:\/\/yoast.com\/wordpress\/plugins\/seo\/ -->\n<title>R\u00e9servation prestation individuelle - Les Coulisses du Style<\/title>\n<meta name=\"robots\" content=\"index, follow, max-snippet:-1, max-image-preview:large, max-video-preview:-1\" \/>\n<link rel=\"canonical\" href=\"https:\/\/lescoulissesdustyle.com\/blog\/reservation-prestation-individuelle\/\" \/>\n<meta property=\"og:locale\" content=\"fr_FR\" \/>\n<meta property=\"og:type\" content=\"article\" \/>\n<meta property=\"og:title\" content=\"R\u00e9servation prestation individuelle - Les Coulisses du Style\" \/>\n<meta property=\"og:description\" content=\"R\u00e9servez votre cr\u00e9neau pour une prestation de conseil en image Administrator options Send notification emails for this booking R\u00e9server\" \/>\n<meta property=\"og:url\" content=\"https:\/\/lescoulissesdustyle.com\/blog\/reservation-prestation-individuelle\/\" \/>\n<meta property=\"og:site_name\" content=\"Les Coulisses du Style\" \/>\n<meta property=\"article:publisher\" content=\"https:\/\/www.facebook.com\/lescoulissesdustyle\/\" \/>\n<meta property=\"article:modified_time\" content=\"2021-01-04T16:03:21+00:00\" \/>\n<meta name=\"twitter:card\" content=\"summary_large_image\" \/>\n<script type=\"application\/ld+json\" class=\"yoast-schema-graph\">{\"@context\":\"https:\/\/schema.org\",\"@graph\":[{\"@type\":\"Organization\",\"@id\":\"https:\/\/lescoulissesdustyle.com\/blog\/#organization\",\"name\":\"Les Coulisses du Style\",\"url\":\"https:\/\/lescoulissesdustyle.com\/blog\/\",\"sameAs\":[\"https:\/\/www.facebook.com\/lescoulissesdustyle\/\",\"https:\/\/www.instagram.com\/lescoulissesdustyle\/?hl=fr\"],\"logo\":{\"@type\":\"ImageObject\",\"inLanguage\":\"fr-FR\",\"@id\":\"https:\/\/lescoulissesdustyle.com\/blog\/#\/schema\/logo\/image\/\",\"url\":\"https:\/\/lescoulissesdustyle.com\/blog\/wp-content\/uploads\/2020\/09\/logo-noir.jpg\",\"contentUrl\":\"https:\/\/lescoulissesdustyle.com\/blog\/wp-content\/uploads\/2020\/09\/logo-noir.jpg\",\"width\":2314,\"height\":2136,\"caption\":\"Les Coulisses du Style\"},\"image\":{\"@id\":\"https:\/\/lescoulissesdustyle.com\/blog\/#\/schema\/logo\/image\/\"}},{\"@type\":\"WebSite\",\"@id\":\"https:\/\/lescoulissesdustyle.com\/blog\/#website\",\"url\":\"https:\/\/lescoulissesdustyle.com\/blog\/\",\"name\":\"Les Coulisses du Style\",\"description\":\"La mode ce n&#039;est pas ce qui se fait, c&#039;est ce qui vous va !\",\"publisher\":{\"@id\":\"https:\/\/lescoulissesdustyle.com\/blog\/#organization\"},\"potentialAction\":[{\"@type\":\"SearchAction\",\"target\":{\"@type\":\"EntryPoint\",\"urlTemplate\":\"https:\/\/lescoulissesdustyle.com\/blog\/?s={search_term_string}\"},\"query-input\":\"required name=search_term_string\"}],\"inLanguage\":\"fr-FR\"},{\"@type\":\"WebPage\",\"@id\":\"https:\/\/lescoulissesdustyle.com\/blog\/reservation-prestation-individuelle\/#webpage\",\"url\":\"https:\/\/lescoulissesdustyle.com\/blog\/reservation-prestation-individuelle\/\",\"name\":\"R\u00e9servation prestation individuelle - Les Coulisses du Style\",\"isPartOf\":{\"@id\":\"https:\/\/lescoulissesdustyle.com\/blog\/#website\"},\"datePublished\":\"2021-01-04T15:52:18+00:00\",\"dateModified\":\"2021-01-04T16:03:21+00:00\",\"breadcrumb\":{\"@id\":\"https:\/\/lescoulissesdustyle.com\/blog\/reservation-prestation-individuelle\/#breadcrumb\"},\"inLanguage\":\"fr-FR\",\"potentialAction\":[{\"@type\":\"ReadAction\",\"target\":[\"https:\/\/lescoulissesdustyle.com\/blog\/reservation-prestation-individuelle\/\"]}]},{\"@type\":\"BreadcrumbList\",\"@id\":\"https:\/\/lescoulissesdustyle.com\/blog\/reservation-prestation-individuelle\/#breadcrumb\",\"itemListElement\":[{\"@type\":\"ListItem\",\"position\":1,\"name\":\"Accueil\",\"item\":\"https:\/\/lescoulissesdustyle.com\/blog\/\"},{\"@type\":\"ListItem\",\"position\":2,\"name\":\"R\u00e9servation prestation individuelle\"}]}]}<\/script>\n<!-- \/ Yoast SEO plugin. -->","yoast_head_json":{"title":"R\u00e9servation prestation individuelle - Les Coulisses du Style","robots":{"index":"index","follow":"follow","max-snippet":"max-snippet:-1","max-image-preview":"max-image-preview:large","max-video-preview":"max-video-preview:-1"},"canonical":"https:\/\/lescoulissesdustyle.com\/blog\/reservation-prestation-individuelle\/","og_locale":"fr_FR","og_type":"article","og_title":"R\u00e9servation prestation individuelle - Les Coulisses du Style","og_description":"R\u00e9servez votre cr\u00e9neau pour une prestation de conseil en image Administrator options Send notification emails for this booking R\u00e9server","og_url":"https:\/\/lescoulissesdustyle.com\/blog\/reservation-prestation-individuelle\/","og_site_name":"Les Coulisses du Style","article_publisher":"https:\/\/www.facebook.com\/lescoulissesdustyle\/","article_modified_time":"2021-01-04T16:03:21+00:00","twitter_card":"summary_large_image","schema":{"@context":"https:\/\/schema.org","@graph":[{"@type":"Organization","@id":"https:\/\/lescoulissesdustyle.com\/blog\/#organization","name":"Les Coulisses du Style","url":"https:\/\/lescoulissesdustyle.com\/blog\/","sameAs":["https:\/\/www.facebook.com\/lescoulissesdustyle\/","https:\/\/www.instagram.com\/lescoulissesdustyle\/?hl=fr"],"logo":{"@type":"ImageObject","inLanguage":"fr-FR","@id":"https:\/\/lescoulissesdustyle.com\/blog\/#\/schema\/logo\/image\/","url":"https:\/\/lescoulissesdustyle.com\/blog\/wp-content\/uploads\/2020\/09\/logo-noir.jpg","contentUrl":"https:\/\/lescoulissesdustyle.com\/blog\/wp-content\/uploads\/2020\/09\/logo-noir.jpg","width":2314,"height":2136,"caption":"Les Coulisses du Style"},"image":{"@id":"https:\/\/lescoulissesdustyle.com\/blog\/#\/schema\/logo\/image\/"}},{"@type":"WebSite","@id":"https:\/\/lescoulissesdustyle.com\/blog\/#website","url":"https:\/\/lescoulissesdustyle.com\/blog\/","name":"Les Coulisses du Style","description":"La mode ce n&#039;est pas ce qui se fait, c&#039;est ce qui vous va !","publisher":{"@id":"https:\/\/lescoulissesdustyle.com\/blog\/#organization"},"potentialAction":[{"@type":"SearchAction","target":{"@type":"EntryPoint","urlTemplate":"https:\/\/lescoulissesdustyle.com\/blog\/?s={search_term_string}"},"query-input":"required name=search_term_string"}],"inLanguage":"fr-FR"},{"@type":"WebPage","@id":"https:\/\/lescoulissesdustyle.com\/blog\/reservation-prestation-individuelle\/#webpage","url":"https:\/\/lescoulissesdustyle.com\/blog\/reservation-prestation-individuelle\/","name":"R\u00e9servation prestation individuelle - Les Coulisses du Style","isPartOf":{"@id":"https:\/\/lescoulissesdustyle.com\/blog\/#website"},"datePublished":"2021-01-04T15:52:18+00:00","dateModified":"2021-01-04T16:03:21+00:00","breadcrumb":{"@id":"https:\/\/lescoulissesdustyle.com\/blog\/reservation-prestation-individuelle\/#breadcrumb"},"inLanguage":"fr-FR","potentialAction":[{"@type":"ReadAction","target":["https:\/\/lescoulissesdustyle.com\/blog\/reservation-prestation-individuelle\/"]}]},{"@type":"BreadcrumbList","@id":"https:\/\/lescoulissesdustyle.com\/blog\/reservation-prestation-individuelle\/#breadcrumb","itemListElement":[{"@type":"ListItem","position":1,"name":"Accueil","item":"https:\/\/lescoulissesdustyle.com\/blog\/"},{"@type":"ListItem","position":2,"name":"R\u00e9servation prestation individuelle"}]}]}},"_links":{"self":[{"href":"https:\/\/lescoulissesdustyle.com\/blog\/wp-json\/wp\/v2\/pages\/2953"}],"collection":[{"href":"https:\/\/lescoulissesdustyle.com\/blog\/wp-json\/wp\/v2\/pages"}],"about":[{"href":"https:\/\/lescoulissesdustyle.com\/blog\/wp-json\/wp\/v2\/types\/page"}],"author":[{"embeddable":true,"href":"https:\/\/lescoulissesdustyle.com\/blog\/wp-json\/wp\/v2\/users\/2"}],"replies":[{"embeddable":true,"href":"https:\/\/lescoulissesdustyle.com\/blog\/wp-json\/wp\/v2\/comments?post=2953"}],"version-history":[{"count":4,"href":"https:\/\/lescoulissesdustyle.com\/blog\/wp-json\/wp\/v2\/pages\/2953\/revisions"}],"predecessor-version":[{"id":2957,"href":"https:\/\/lescoulissesdustyle.com\/blog\/wp-json\/wp\/v2\/pages\/2953\/revisions\/2957"}],"wp:attachment":[{"href":"https:\/\/lescoulissesdustyle.com\/blog\/wp-json\/wp\/v2\/media?parent=2953"}],"curies":[{"name":"wp","href":"https:\/\/api.w.org\/{rel}","templated":true}]}}