{"id":3493,"date":"2021-03-01T09:48:55","date_gmt":"2021-03-01T09:48:55","guid":{"rendered":"https:\/\/lescoulissesdustyle.com\/blog\/?page_id=3493"},"modified":"2022-04-14T15:15:23","modified_gmt":"2022-04-14T15:15:23","slug":"professionnels","status":"publish","type":"page","link":"https:\/\/lescoulissesdustyle.com\/blog\/professionnels\/","title":{"rendered":"Professionnels"},"content":{"rendered":"\t\t<div data-elementor-type=\"wp-page\" data-elementor-id=\"3493\" class=\"elementor elementor-3493\">\n\t\t\t\t\t\t\t\t\t<section class=\"elementor-section elementor-top-section elementor-element elementor-element-7fa5ff7f elementor-section-full_width elementor-section-height-min-height elementor-section-items-stretch elementor-section-content-bottom elementor-section-height-default\" data-id=\"7fa5ff7f\" data-element_type=\"section\">\n\t\t\t\t\t\t<div class=\"elementor-container elementor-column-gap-no\">\n\t\t\t\t\t<div class=\"elementor-column elementor-col-50 elementor-top-column elementor-element elementor-element-6b60a1c6\" data-id=\"6b60a1c6\" data-element_type=\"column\" data-settings=\"{&quot;background_background&quot;:&quot;classic&quot;}\">\n\t\t\t<div class=\"elementor-widget-wrap elementor-element-populated\">\n\t\t\t\t\t\t\t\t<div class=\"elementor-element elementor-element-3b157c74 elementor-widget elementor-widget-heading\" data-id=\"3b157c74\" data-element_type=\"widget\" data-widget_type=\"heading.default\">\n\t\t\t\t<div class=\"elementor-widget-container\">\n\t\t\t<h1 class=\"elementor-heading-title elementor-size-default\">Offres Professionnels<\/h1>\t\t<\/div>\n\t\t\t\t<\/div>\n\t\t\t\t<div class=\"elementor-element elementor-element-53e1a9b3 elementor-widget elementor-widget-heading\" data-id=\"53e1a9b3\" data-element_type=\"widget\" data-widget_type=\"heading.default\">\n\t\t\t\t<div class=\"elementor-widget-container\">\n\t\t\t<p class=\"elementor-heading-title elementor-size-default\"><b>Formations et interventions en entreprise<\/b>, je propose mes comp\u00e9tences et mon expertise en tant que <b>conseill\u00e8re en image, formatrice et cheffe d'entreprise<\/b> pour r\u00e9pondre \u00e0 vos diff\u00e9rents besoins. <\/p>\t\t<\/div>\n\t\t\t\t<\/div>\n\t\t\t\t<div class=\"elementor-element elementor-element-db7f355 elementor-hidden-desktop elementor-widget elementor-widget-image\" data-id=\"db7f355\" data-element_type=\"widget\" data-widget_type=\"image.default\">\n\t\t\t\t<div class=\"elementor-widget-container\">\n\t\t\t\t\t\t\t\t\t\t\t\t\t\t\t<img width=\"1024\" height=\"683\" src=\"https:\/\/lescoulissesdustyle.com\/blog\/wp-content\/uploads\/2021\/03\/view-from-above-of-group-young-professional-entrepreneurs-sitting-at-table-in-coworking-space-discussing-profits-of-last-team-project-using-laptop-digital-tablet-and-smartphone-scaled.jpg\" class=\"attachment-large size-large wp-image-3496\" alt=\"Offres de conseil et coaching en image pour professionnels\" loading=\"lazy\" \/>\t\t\t\t\t\t\t\t\t\t\t\t\t\t\t<\/div>\n\t\t\t\t<\/div>\n\t\t\t\t\t<\/div>\n\t\t<\/div>\n\t\t\t\t<div class=\"elementor-column elementor-col-50 elementor-top-column elementor-element elementor-element-5dbd969\" data-id=\"5dbd969\" data-element_type=\"column\" data-settings=\"{&quot;background_background&quot;:&quot;classic&quot;}\">\n\t\t\t<div class=\"elementor-widget-wrap elementor-element-populated\">\n\t\t\t\t\t\t\t\t<div class=\"elementor-element elementor-element-2291acec elementor-hidden-tablet elementor-hidden-phone elementor-widget elementor-widget-image\" data-id=\"2291acec\" data-element_type=\"widget\" data-widget_type=\"image.default\">\n\t\t\t\t<div class=\"elementor-widget-container\">\n\t\t\t\t\t\t\t\t\t\t\t\t\t\t\t<img width=\"768\" height=\"512\" src=\"https:\/\/lescoulissesdustyle.com\/blog\/wp-content\/uploads\/2021\/03\/view-from-above-of-group-young-professional-entrepreneurs-sitting-at-table-in-coworking-space-discussing-profits-of-last-team-project-using-laptop-digital-tablet-and-smartphone-scaled.jpg\" class=\"attachment-medium_large size-medium_large wp-image-3496\" alt=\"Offres de conseil et coaching en image pour professionnels\" loading=\"lazy\" \/>\t\t\t\t\t\t\t\t\t\t\t\t\t\t\t<\/div>\n\t\t\t\t<\/div>\n\t\t\t\t\t<\/div>\n\t\t<\/div>\n\t\t\t\t\t\t\t<\/div>\n\t\t<\/section>\n\t\t\t\t<section class=\"elementor-section elementor-top-section elementor-element elementor-element-5dc199d6 elementor-section-full_width elementor-section-height-default elementor-section-height-default\" data-id=\"5dc199d6\" data-element_type=\"section\">\n\t\t\t\t\t\t<div class=\"elementor-container elementor-column-gap-no\">\n\t\t\t\t\t<div class=\"elementor-column elementor-col-25 elementor-top-column elementor-element elementor-element-6456316e\" data-id=\"6456316e\" data-element_type=\"column\">\n\t\t\t<div class=\"elementor-widget-wrap elementor-element-populated\">\n\t\t\t\t\t\t\t\t<div class=\"elementor-element elementor-element-2fe4aed3 elementor-widget-mobile__width-initial animated-slow elementor-invisible elementor-widget elementor-widget-spacer\" data-id=\"2fe4aed3\" data-element_type=\"widget\" data-settings=\"{&quot;_animation&quot;:&quot;fadeInLeft&quot;}\" data-widget_type=\"spacer.default\">\n\t\t\t\t<div class=\"elementor-widget-container\">\n\t\t\t\t\t<div class=\"elementor-spacer\">\n\t\t\t<div class=\"elementor-spacer-inner\"><\/div>\n\t\t<\/div>\n\t\t\t\t<\/div>\n\t\t\t\t<\/div>\n\t\t\t\t\t<\/div>\n\t\t<\/div>\n\t\t\t\t<div class=\"elementor-column elementor-col-25 elementor-top-column elementor-element elementor-element-2e43b98a\" data-id=\"2e43b98a\" data-element_type=\"column\">\n\t\t\t<div class=\"elementor-widget-wrap elementor-element-populated\">\n\t\t\t\t\t\t\t\t<div class=\"elementor-element elementor-element-7b60ae2 elementor-widget elementor-widget-heading\" data-id=\"7b60ae2\" data-element_type=\"widget\" data-widget_type=\"heading.default\">\n\t\t\t\t<div class=\"elementor-widget-container\">\n\t\t\t<h2 class=\"elementor-heading-title elementor-size-default\">Mes services<\/h2>\t\t<\/div>\n\t\t\t\t<\/div>\n\t\t\t\t<div class=\"elementor-element elementor-element-b321d5a elementor-widget elementor-widget-text-editor\" data-id=\"b321d5a\" data-element_type=\"widget\" data-widget_type=\"text-editor.default\">\n\t\t\t\t<div class=\"elementor-widget-container\">\n\t\t\t\t\t\t\t<p>Je propose mes <b>services de conseil en image<\/b> \u00e0 destination des professionnels : formations, interventions en entreprise, coaching en insertion professionnelle, collaboration&#8230;<\/p><p>N&rsquo;h\u00e9sitez pas \u00e0 <a href=\"https:\/\/lescoulissesdustyle.com\/blog\/contact-coulisses-du-style\/\">prendre contact avec moi<\/a> pour discuter ensemble de votre projet ou de vos besoins.<\/p>\t\t\t\t\t\t<\/div>\n\t\t\t\t<\/div>\n\t\t\t\t\t<\/div>\n\t\t<\/div>\n\t\t\t\t<div class=\"elementor-column elementor-col-25 elementor-top-column elementor-element elementor-element-64d26541\" data-id=\"64d26541\" data-element_type=\"column\">\n\t\t\t<div class=\"elementor-widget-wrap elementor-element-populated\">\n\t\t\t\t\t\t\t\t<section class=\"elementor-section elementor-inner-section elementor-element elementor-element-64af3de0 elementor-section-boxed elementor-section-height-default elementor-section-height-default\" data-id=\"64af3de0\" data-element_type=\"section\">\n\t\t\t\t\t\t<div class=\"elementor-container elementor-column-gap-extended\">\n\t\t\t\t\t<div class=\"elementor-column elementor-col-50 elementor-inner-column elementor-element elementor-element-3d956ae7\" data-id=\"3d956ae7\" data-element_type=\"column\">\n\t\t\t<div class=\"elementor-widget-wrap\">\n\t\t\t\t\t\t\t\t\t<\/div>\n\t\t<\/div>\n\t\t\t\t<div class=\"elementor-column elementor-col-50 elementor-inner-column elementor-element elementor-element-41203b69\" data-id=\"41203b69\" data-element_type=\"column\">\n\t\t\t<div class=\"elementor-widget-wrap\">\n\t\t\t\t\t\t\t\t\t<\/div>\n\t\t<\/div>\n\t\t\t\t\t\t\t<\/div>\n\t\t<\/section>\n\t\t\t\t\t<\/div>\n\t\t<\/div>\n\t\t\t\t<div class=\"elementor-column elementor-col-25 elementor-top-column elementor-element elementor-element-34d2dede elementor-invisible\" data-id=\"34d2dede\" data-element_type=\"column\" data-settings=\"{&quot;animation&quot;:&quot;fadeInRight&quot;}\">\n\t\t\t<div class=\"elementor-widget-wrap elementor-element-populated\">\n\t\t\t\t\t\t\t\t<div class=\"elementor-element elementor-element-6f556c66 elementor-widget-mobile__width-initial elementor-hidden-phone elementor-widget elementor-widget-spacer\" data-id=\"6f556c66\" data-element_type=\"widget\" data-widget_type=\"spacer.default\">\n\t\t\t\t<div class=\"elementor-widget-container\">\n\t\t\t\t\t<div class=\"elementor-spacer\">\n\t\t\t<div class=\"elementor-spacer-inner\"><\/div>\n\t\t<\/div>\n\t\t\t\t<\/div>\n\t\t\t\t<\/div>\n\t\t\t\t\t<\/div>\n\t\t<\/div>\n\t\t\t\t\t\t\t<\/div>\n\t\t<\/section>\n\t\t\t\t<section class=\"elementor-section elementor-top-section elementor-element elementor-element-6758e37 elementor-section-boxed elementor-section-height-default elementor-section-height-default\" data-id=\"6758e37\" data-element_type=\"section\">\n\t\t\t\t\t\t<div class=\"elementor-container elementor-column-gap-default\">\n\t\t\t\t\t<div class=\"elementor-column elementor-col-50 elementor-top-column elementor-element elementor-element-efdcced\" data-id=\"efdcced\" data-element_type=\"column\">\n\t\t\t<div class=\"elementor-widget-wrap elementor-element-populated\">\n\t\t\t\t\t\t\t\t<div class=\"elementor-element elementor-element-3503b4e elementor-cta--skin-cover elementor-animated-content elementor-widget elementor-widget-call-to-action\" data-id=\"3503b4e\" data-element_type=\"widget\" data-widget_type=\"call-to-action.default\">\n\t\t\t\t<div class=\"elementor-widget-container\">\n\t\t\t\t\t<div class=\"elementor-cta\">\n\t\t\t\t\t<div class=\"elementor-cta__bg-wrapper\">\n\t\t\t\t<div class=\"elementor-cta__bg elementor-bg\" style=\"background-image: url(https:\/\/lescoulissesdustyle.com\/blog\/wp-content\/uploads\/2021\/03\/formation-conseil-image.jpg);\"><\/div>\n\t\t\t\t<div class=\"elementor-cta__bg-overlay\"><\/div>\n\t\t\t<\/div>\n\t\t\t\t\t\t\t<div class=\"elementor-cta__content\">\n\t\t\t\t\n\t\t\t\t<h3 class=\"elementor-cta__title elementor-cta__content-item elementor-content-item elementor-animated-item--grow\">Formations<\/h3>\n\t\t\t\t\n\t\t\t\t\t\t\t\t\t<div class=\"elementor-cta__button-wrapper elementor-cta__content-item elementor-content-item elementor-animated-item--grow\">\n\t\t\t\t\t<a class=\"elementor-cta__button elementor-button elementor-size-sm\" href=\"https:\/\/lescoulissesdustyle.com\/blog\/formations\/\">\n\t\t\t\t\t\tD\u00e9couvrir les offres\t\t\t\t\t<\/a>\n\t\t\t\t\t<\/div>\n\t\t\t\t\t\t\t<\/div>\n\t\t\t\t\t\t<\/div>\n\t\t\t\t<\/div>\n\t\t\t\t<\/div>\n\t\t\t\t<div class=\"elementor-element elementor-element-be15924 elementor-cta--skin-cover elementor-animated-content elementor-widget elementor-widget-call-to-action\" data-id=\"be15924\" data-element_type=\"widget\" data-widget_type=\"call-to-action.default\">\n\t\t\t\t<div class=\"elementor-widget-container\">\n\t\t\t\t\t<div class=\"elementor-cta\">\n\t\t\t\t\t<div class=\"elementor-cta__bg-wrapper\">\n\t\t\t\t<div class=\"elementor-cta__bg elementor-bg\" style=\"background-image: url(https:\/\/lescoulissesdustyle.com\/blog\/wp-content\/uploads\/2020\/08\/marriage-2545684_1920.jpg);\"><\/div>\n\t\t\t\t<div class=\"elementor-cta__bg-overlay\"><\/div>\n\t\t\t<\/div>\n\t\t\t\t\t\t\t<div class=\"elementor-cta__content\">\n\t\t\t\t\n\t\t\t\t<h3 class=\"elementor-cta__title elementor-cta__content-item elementor-content-item elementor-animated-item--grow\">Collaboration wedding planer<\/h3>\n\t\t\t\t\n\t\t\t\t\t\t\t\t\t<div class=\"elementor-cta__button-wrapper elementor-cta__content-item elementor-content-item elementor-animated-item--grow\">\n\t\t\t\t\t<a class=\"elementor-cta__button elementor-button elementor-size-sm\" href=\"https:\/\/lescoulissesdustyle.com\/blog\/collaboration-maquillage\/\">\n\t\t\t\t\t\tD\u00e9couvrir les offres\t\t\t\t\t<\/a>\n\t\t\t\t\t<\/div>\n\t\t\t\t\t\t\t<\/div>\n\t\t\t\t\t\t<\/div>\n\t\t\t\t<\/div>\n\t\t\t\t<\/div>\n\t\t\t\t\t<\/div>\n\t\t<\/div>\n\t\t\t\t<div class=\"elementor-column elementor-col-50 elementor-top-column elementor-element elementor-element-d1b1acc\" data-id=\"d1b1acc\" data-element_type=\"column\">\n\t\t\t<div class=\"elementor-widget-wrap elementor-element-populated\">\n\t\t\t\t\t\t\t\t<div class=\"elementor-element elementor-element-848d0ca elementor-cta--skin-cover elementor-animated-content elementor-widget elementor-widget-call-to-action\" data-id=\"848d0ca\" data-element_type=\"widget\" data-widget_type=\"call-to-action.default\">\n\t\t\t\t<div class=\"elementor-widget-container\">\n\t\t\t\t\t<div class=\"elementor-cta\">\n\t\t\t\t\t<div class=\"elementor-cta__bg-wrapper\">\n\t\t\t\t<div class=\"elementor-cta__bg elementor-bg\" style=\"background-image: url(https:\/\/lescoulissesdustyle.com\/blog\/wp-content\/uploads\/2021\/03\/intervention-formation-insertion-professionnelle.jpg);\"><\/div>\n\t\t\t\t<div class=\"elementor-cta__bg-overlay\"><\/div>\n\t\t\t<\/div>\n\t\t\t\t\t\t\t<div class=\"elementor-cta__content\">\n\t\t\t\t\n\t\t\t\t<h3 class=\"elementor-cta__title elementor-cta__content-item elementor-content-item elementor-animated-item--grow\">Insertion professionnelle<\/h3>\n\t\t\t\t\n\t\t\t\t\t\t\t\t\t<div class=\"elementor-cta__button-wrapper elementor-cta__content-item elementor-content-item elementor-animated-item--grow\">\n\t\t\t\t\t<a class=\"elementor-cta__button elementor-button elementor-size-sm\" href=\"https:\/\/lescoulissesdustyle.com\/blog\/insertion-professionnelle\/\">\n\t\t\t\t\t\tD\u00e9couvrir les offres\t\t\t\t\t<\/a>\n\t\t\t\t\t<\/div>\n\t\t\t\t\t\t\t<\/div>\n\t\t\t\t\t\t<\/div>\n\t\t\t\t<\/div>\n\t\t\t\t<\/div>\n\t\t\t\t<div class=\"elementor-element elementor-element-64357c5 elementor-cta--skin-cover elementor-animated-content elementor-widget elementor-widget-call-to-action\" data-id=\"64357c5\" data-element_type=\"widget\" data-widget_type=\"call-to-action.default\">\n\t\t\t\t<div class=\"elementor-widget-container\">\n\t\t\t\t\t<div class=\"elementor-cta\">\n\t\t\t\t\t<div class=\"elementor-cta__bg-wrapper\">\n\t\t\t\t<div class=\"elementor-cta__bg elementor-bg\" style=\"background-image: url(https:\/\/lescoulissesdustyle.com\/blog\/wp-content\/uploads\/2021\/03\/intervention-entreprise-conseil-image.jpg);\"><\/div>\n\t\t\t\t<div class=\"elementor-cta__bg-overlay\"><\/div>\n\t\t\t<\/div>\n\t\t\t\t\t\t\t<div class=\"elementor-cta__content\">\n\t\t\t\t\n\t\t\t\t<h3 class=\"elementor-cta__title elementor-cta__content-item elementor-content-item elementor-animated-item--grow\">Interventions en entreprise<\/h3>\n\t\t\t\t\n\t\t\t\t\t\t\t\t\t<div class=\"elementor-cta__button-wrapper elementor-cta__content-item elementor-content-item elementor-animated-item--grow\">\n\t\t\t\t\t<a class=\"elementor-cta__button elementor-button elementor-size-sm\" href=\"https:\/\/lescoulissesdustyle.com\/blog\/interventions-entreprise\/\">\n\t\t\t\t\t\tD\u00e9couvrir les offres\t\t\t\t\t<\/a>\n\t\t\t\t\t<\/div>\n\t\t\t\t\t\t\t<\/div>\n\t\t\t\t\t\t<\/div>\n\t\t\t\t<\/div>\n\t\t\t\t<\/div>\n\t\t\t\t\t<\/div>\n\t\t<\/div>\n\t\t\t\t\t\t\t<\/div>\n\t\t<\/section>\n\t\t\t\t\t\t\t<\/div>\n\t\t","protected":false},"excerpt":{"rendered":"<p>Offres Professionnels Formations et interventions en entreprise, je propose mes comp\u00e9tences et mon expertise en tant que conseill\u00e8re en image, formatrice et cheffe d&rsquo;entreprise pour r\u00e9pondre \u00e0 vos diff\u00e9rents besoins. Mes services Je propose mes services de conseil en image \u00e0 destination des professionnels : formations, interventions en entreprise, coaching en insertion professionnelle, collaboration&#8230; N&rsquo;h\u00e9sitez &hellip;<\/p>\n<p class=\"read-more\"> <a class=\"\" href=\"https:\/\/lescoulissesdustyle.com\/blog\/professionnels\/\"> <span class=\"screen-reader-text\">Professionnels<\/span> Lire la suite\u00a0\u00bb<\/a><\/p>\n","protected":false},"author":2,"featured_media":0,"parent":0,"menu_order":0,"comment_status":"closed","ping_status":"closed","template":"","meta":{"site-sidebar-layout":"no-sidebar","site-content-layout":"page-builder","ast-global-header-display":"","ast-main-header-display":"disabled","ast-hfb-above-header-display":"","ast-hfb-below-header-display":"","ast-hfb-mobile-header-display":"","site-post-title":"disabled","ast-breadcrumbs-content":"disabled","ast-featured-img":"disabled","footer-sml-layout":"","theme-transparent-header-meta":"default","adv-header-id-meta":"","stick-header-meta":"","header-above-stick-meta":"","header-main-stick-meta":"","header-below-stick-meta":""},"yoast_head":"<!-- This site is optimized with the Yoast SEO plugin v18.8 - https:\/\/yoast.com\/wordpress\/plugins\/seo\/ -->\n<title>Professionnels - Les Coulisses du Style<\/title>\n<meta name=\"robots\" content=\"index, follow, max-snippet:-1, max-image-preview:large, max-video-preview:-1\" \/>\n<link rel=\"canonical\" href=\"https:\/\/lescoulissesdustyle.com\/blog\/professionnels\/\" \/>\n<meta property=\"og:locale\" content=\"fr_FR\" \/>\n<meta property=\"og:type\" content=\"article\" \/>\n<meta property=\"og:title\" content=\"Professionnels - Les Coulisses du Style\" \/>\n<meta property=\"og:description\" content=\"Offres Professionnels Formations et interventions en entreprise, je propose mes comp\u00e9tences et mon expertise en tant que conseill\u00e8re en image, formatrice et cheffe d&rsquo;entreprise pour r\u00e9pondre \u00e0 vos diff\u00e9rents besoins. Mes services Je propose mes services de conseil en image \u00e0 destination des professionnels : formations, interventions en entreprise, coaching en insertion professionnelle, collaboration&#8230; N&rsquo;h\u00e9sitez &hellip; Professionnels Lire la suite\u00a0\u00bb\" \/>\n<meta property=\"og:url\" content=\"https:\/\/lescoulissesdustyle.com\/blog\/professionnels\/\" \/>\n<meta property=\"og:site_name\" content=\"Les Coulisses du Style\" \/>\n<meta property=\"article:publisher\" content=\"https:\/\/www.facebook.com\/lescoulissesdustyle\/\" \/>\n<meta property=\"article:modified_time\" content=\"2022-04-14T15:15:23+00:00\" \/>\n<meta property=\"og:image\" content=\"https:\/\/lescoulissesdustyle.com\/blog\/wp-content\/uploads\/2021\/03\/view-from-above-of-group-young-professional-entrepreneurs-sitting-at-table-in-coworking-space-discussing-profits-of-last-team-project-using-laptop-digital-tablet-and-smartphone-1024x683.jpg\" \/>\n<meta name=\"twitter:card\" content=\"summary_large_image\" \/>\n<meta name=\"twitter:label1\" content=\"Dur\u00e9e de lecture estim\u00e9e\" \/>\n\t<meta name=\"twitter:data1\" content=\"1 minute\" \/>\n<script type=\"application\/ld+json\" class=\"yoast-schema-graph\">{\"@context\":\"https:\/\/schema.org\",\"@graph\":[{\"@type\":\"Organization\",\"@id\":\"https:\/\/lescoulissesdustyle.com\/blog\/#organization\",\"name\":\"Les Coulisses du Style\",\"url\":\"https:\/\/lescoulissesdustyle.com\/blog\/\",\"sameAs\":[\"https:\/\/www.facebook.com\/lescoulissesdustyle\/\",\"https:\/\/www.instagram.com\/lescoulissesdustyle\/?hl=fr\"],\"logo\":{\"@type\":\"ImageObject\",\"inLanguage\":\"fr-FR\",\"@id\":\"https:\/\/lescoulissesdustyle.com\/blog\/#\/schema\/logo\/image\/\",\"url\":\"https:\/\/lescoulissesdustyle.com\/blog\/wp-content\/uploads\/2020\/09\/logo-noir.jpg\",\"contentUrl\":\"https:\/\/lescoulissesdustyle.com\/blog\/wp-content\/uploads\/2020\/09\/logo-noir.jpg\",\"width\":2314,\"height\":2136,\"caption\":\"Les Coulisses du Style\"},\"image\":{\"@id\":\"https:\/\/lescoulissesdustyle.com\/blog\/#\/schema\/logo\/image\/\"}},{\"@type\":\"WebSite\",\"@id\":\"https:\/\/lescoulissesdustyle.com\/blog\/#website\",\"url\":\"https:\/\/lescoulissesdustyle.com\/blog\/\",\"name\":\"Les Coulisses du Style\",\"description\":\"La mode ce n&#039;est pas ce qui se fait, c&#039;est ce qui vous va !\",\"publisher\":{\"@id\":\"https:\/\/lescoulissesdustyle.com\/blog\/#organization\"},\"potentialAction\":[{\"@type\":\"SearchAction\",\"target\":{\"@type\":\"EntryPoint\",\"urlTemplate\":\"https:\/\/lescoulissesdustyle.com\/blog\/?s={search_term_string}\"},\"query-input\":\"required name=search_term_string\"}],\"inLanguage\":\"fr-FR\"},{\"@type\":\"ImageObject\",\"inLanguage\":\"fr-FR\",\"@id\":\"https:\/\/lescoulissesdustyle.com\/blog\/professionnels\/#primaryimage\",\"url\":\"https:\/\/lescoulissesdustyle.com\/blog\/wp-content\/uploads\/2021\/03\/view-from-above-of-group-young-professional-entrepreneurs-sitting-at-table-in-coworking-space-discussing-profits-of-last-team-project-using-laptop-digital-tablet-and-smartphone-1024x683.jpg\",\"contentUrl\":\"https:\/\/lescoulissesdustyle.com\/blog\/wp-content\/uploads\/2021\/03\/view-from-above-of-group-young-professional-entrepreneurs-sitting-at-table-in-coworking-space-discussing-profits-of-last-team-project-using-laptop-digital-tablet-and-smartphone-1024x683.jpg\"},{\"@type\":\"WebPage\",\"@id\":\"https:\/\/lescoulissesdustyle.com\/blog\/professionnels\/#webpage\",\"url\":\"https:\/\/lescoulissesdustyle.com\/blog\/professionnels\/\",\"name\":\"Professionnels - Les Coulisses du Style\",\"isPartOf\":{\"@id\":\"https:\/\/lescoulissesdustyle.com\/blog\/#website\"},\"primaryImageOfPage\":{\"@id\":\"https:\/\/lescoulissesdustyle.com\/blog\/professionnels\/#primaryimage\"},\"datePublished\":\"2021-03-01T09:48:55+00:00\",\"dateModified\":\"2022-04-14T15:15:23+00:00\",\"breadcrumb\":{\"@id\":\"https:\/\/lescoulissesdustyle.com\/blog\/professionnels\/#breadcrumb\"},\"inLanguage\":\"fr-FR\",\"potentialAction\":[{\"@type\":\"ReadAction\",\"target\":[\"https:\/\/lescoulissesdustyle.com\/blog\/professionnels\/\"]}]},{\"@type\":\"BreadcrumbList\",\"@id\":\"https:\/\/lescoulissesdustyle.com\/blog\/professionnels\/#breadcrumb\",\"itemListElement\":[{\"@type\":\"ListItem\",\"position\":1,\"name\":\"Accueil\",\"item\":\"https:\/\/lescoulissesdustyle.com\/blog\/\"},{\"@type\":\"ListItem\",\"position\":2,\"name\":\"Professionnels\"}]}]}<\/script>\n<!-- \/ Yoast SEO plugin. -->","yoast_head_json":{"title":"Professionnels - Les Coulisses du Style","robots":{"index":"index","follow":"follow","max-snippet":"max-snippet:-1","max-image-preview":"max-image-preview:large","max-video-preview":"max-video-preview:-1"},"canonical":"https:\/\/lescoulissesdustyle.com\/blog\/professionnels\/","og_locale":"fr_FR","og_type":"article","og_title":"Professionnels - Les Coulisses du Style","og_description":"Offres Professionnels Formations et interventions en entreprise, je propose mes comp\u00e9tences et mon expertise en tant que conseill\u00e8re en image, formatrice et cheffe d&rsquo;entreprise pour r\u00e9pondre \u00e0 vos diff\u00e9rents besoins. Mes services Je propose mes services de conseil en image \u00e0 destination des professionnels : formations, interventions en entreprise, coaching en insertion professionnelle, collaboration&#8230; N&rsquo;h\u00e9sitez &hellip; Professionnels Lire la suite\u00a0\u00bb","og_url":"https:\/\/lescoulissesdustyle.com\/blog\/professionnels\/","og_site_name":"Les Coulisses du Style","article_publisher":"https:\/\/www.facebook.com\/lescoulissesdustyle\/","article_modified_time":"2022-04-14T15:15:23+00:00","og_image":[{"url":"https:\/\/lescoulissesdustyle.com\/blog\/wp-content\/uploads\/2021\/03\/view-from-above-of-group-young-professional-entrepreneurs-sitting-at-table-in-coworking-space-discussing-profits-of-last-team-project-using-laptop-digital-tablet-and-smartphone-1024x683.jpg"}],"twitter_card":"summary_large_image","twitter_misc":{"Dur\u00e9e de lecture estim\u00e9e":"1 minute"},"schema":{"@context":"https:\/\/schema.org","@graph":[{"@type":"Organization","@id":"https:\/\/lescoulissesdustyle.com\/blog\/#organization","name":"Les Coulisses du Style","url":"https:\/\/lescoulissesdustyle.com\/blog\/","sameAs":["https:\/\/www.facebook.com\/lescoulissesdustyle\/","https:\/\/www.instagram.com\/lescoulissesdustyle\/?hl=fr"],"logo":{"@type":"ImageObject","inLanguage":"fr-FR","@id":"https:\/\/lescoulissesdustyle.com\/blog\/#\/schema\/logo\/image\/","url":"https:\/\/lescoulissesdustyle.com\/blog\/wp-content\/uploads\/2020\/09\/logo-noir.jpg","contentUrl":"https:\/\/lescoulissesdustyle.com\/blog\/wp-content\/uploads\/2020\/09\/logo-noir.jpg","width":2314,"height":2136,"caption":"Les Coulisses du Style"},"image":{"@id":"https:\/\/lescoulissesdustyle.com\/blog\/#\/schema\/logo\/image\/"}},{"@type":"WebSite","@id":"https:\/\/lescoulissesdustyle.com\/blog\/#website","url":"https:\/\/lescoulissesdustyle.com\/blog\/","name":"Les Coulisses du Style","description":"La mode ce n&#039;est pas ce qui se fait, c&#039;est ce qui vous va !","publisher":{"@id":"https:\/\/lescoulissesdustyle.com\/blog\/#organization"},"potentialAction":[{"@type":"SearchAction","target":{"@type":"EntryPoint","urlTemplate":"https:\/\/lescoulissesdustyle.com\/blog\/?s={search_term_string}"},"query-input":"required name=search_term_string"}],"inLanguage":"fr-FR"},{"@type":"ImageObject","inLanguage":"fr-FR","@id":"https:\/\/lescoulissesdustyle.com\/blog\/professionnels\/#primaryimage","url":"https:\/\/lescoulissesdustyle.com\/blog\/wp-content\/uploads\/2021\/03\/view-from-above-of-group-young-professional-entrepreneurs-sitting-at-table-in-coworking-space-discussing-profits-of-last-team-project-using-laptop-digital-tablet-and-smartphone-1024x683.jpg","contentUrl":"https:\/\/lescoulissesdustyle.com\/blog\/wp-content\/uploads\/2021\/03\/view-from-above-of-group-young-professional-entrepreneurs-sitting-at-table-in-coworking-space-discussing-profits-of-last-team-project-using-laptop-digital-tablet-and-smartphone-1024x683.jpg"},{"@type":"WebPage","@id":"https:\/\/lescoulissesdustyle.com\/blog\/professionnels\/#webpage","url":"https:\/\/lescoulissesdustyle.com\/blog\/professionnels\/","name":"Professionnels - Les Coulisses du Style","isPartOf":{"@id":"https:\/\/lescoulissesdustyle.com\/blog\/#website"},"primaryImageOfPage":{"@id":"https:\/\/lescoulissesdustyle.com\/blog\/professionnels\/#primaryimage"},"datePublished":"2021-03-01T09:48:55+00:00","dateModified":"2022-04-14T15:15:23+00:00","breadcrumb":{"@id":"https:\/\/lescoulissesdustyle.com\/blog\/professionnels\/#breadcrumb"},"inLanguage":"fr-FR","potentialAction":[{"@type":"ReadAction","target":["https:\/\/lescoulissesdustyle.com\/blog\/professionnels\/"]}]},{"@type":"BreadcrumbList","@id":"https:\/\/lescoulissesdustyle.com\/blog\/professionnels\/#breadcrumb","itemListElement":[{"@type":"ListItem","position":1,"name":"Accueil","item":"https:\/\/lescoulissesdustyle.com\/blog\/"},{"@type":"ListItem","position":2,"name":"Professionnels"}]}]}},"_links":{"self":[{"href":"https:\/\/lescoulissesdustyle.com\/blog\/wp-json\/wp\/v2\/pages\/3493"}],"collection":[{"href":"https:\/\/lescoulissesdustyle.com\/blog\/wp-json\/wp\/v2\/pages"}],"about":[{"href":"https:\/\/lescoulissesdustyle.com\/blog\/wp-json\/wp\/v2\/types\/page"}],"author":[{"embeddable":true,"href":"https:\/\/lescoulissesdustyle.com\/blog\/wp-json\/wp\/v2\/users\/2"}],"replies":[{"embeddable":true,"href":"https:\/\/lescoulissesdustyle.com\/blog\/wp-json\/wp\/v2\/comments?post=3493"}],"version-history":[{"count":77,"href":"https:\/\/lescoulissesdustyle.com\/blog\/wp-json\/wp\/v2\/pages\/3493\/revisions"}],"predecessor-version":[{"id":14339,"href":"https:\/\/lescoulissesdustyle.com\/blog\/wp-json\/wp\/v2\/pages\/3493\/revisions\/14339"}],"wp:attachment":[{"href":"https:\/\/lescoulissesdustyle.com\/blog\/wp-json\/wp\/v2\/media?parent=3493"}],"curies":[{"name":"wp","href":"https:\/\/api.w.org\/{rel}","templated":true}]}}