{"id":3999,"date":"2021-03-04T14:29:09","date_gmt":"2021-03-04T14:29:09","guid":{"rendered":"https:\/\/lescoulissesdustyle.com\/blog\/?page_id=3999"},"modified":"2023-01-04T12:26:33","modified_gmt":"2023-01-04T12:26:33","slug":"personnal-shopper","status":"publish","type":"page","link":"https:\/\/lescoulissesdustyle.com\/blog\/personnal-shopper\/","title":{"rendered":"Personnal shopper"},"content":{"rendered":"\t\t<div data-elementor-type=\"wp-page\" data-elementor-id=\"3999\" class=\"elementor elementor-3999\">\n\t\t\t\t\t\t\t\t\t<section class=\"elementor-section elementor-top-section elementor-element elementor-element-605ae9ea elementor-section-full_width elementor-section-height-min-height elementor-section-items-stretch elementor-section-content-bottom elementor-section-height-default\" data-id=\"605ae9ea\" data-element_type=\"section\">\n\t\t\t\t\t\t<div class=\"elementor-container elementor-column-gap-no\">\n\t\t\t\t\t<div class=\"elementor-column elementor-col-50 elementor-top-column elementor-element elementor-element-170a179a\" data-id=\"170a179a\" data-element_type=\"column\" data-settings=\"{&quot;background_background&quot;:&quot;classic&quot;}\">\n\t\t\t<div class=\"elementor-widget-wrap elementor-element-populated\">\n\t\t\t\t\t\t\t\t<div class=\"elementor-element elementor-element-6ecd0f6b elementor-widget elementor-widget-heading\" data-id=\"6ecd0f6b\" data-element_type=\"widget\" data-widget_type=\"heading.default\">\n\t\t\t\t<div class=\"elementor-widget-container\">\n\t\t\t<h1 class=\"elementor-heading-title elementor-size-default\">Personal shopper<\/h1>\t\t<\/div>\n\t\t\t\t<\/div>\n\t\t\t\t<section class=\"elementor-section elementor-inner-section elementor-element elementor-element-7ec9ef6 elementor-section-boxed elementor-section-height-default elementor-section-height-default\" data-id=\"7ec9ef6\" data-element_type=\"section\">\n\t\t\t\t\t\t<div class=\"elementor-container elementor-column-gap-default\">\n\t\t\t\t\t<div class=\"elementor-column elementor-col-50 elementor-inner-column elementor-element elementor-element-d1d9749\" data-id=\"d1d9749\" data-element_type=\"column\">\n\t\t\t<div class=\"elementor-widget-wrap elementor-element-populated\">\n\t\t\t\t\t\t\t\t<div class=\"elementor-element elementor-element-9f703cd elementor-widget elementor-widget-text-editor\" data-id=\"9f703cd\" data-element_type=\"widget\" data-widget_type=\"text-editor.default\">\n\t\t\t\t<div class=\"elementor-widget-container\">\n\t\t\t\t\t\t\t<p>B\u00e9n\u00e9ficiez de mon accompagnement en boutique en tant que personal shopper et conseill\u00e8re en image pour vous guider et conseiller dans votre shopping.<\/p>\t\t\t\t\t\t<\/div>\n\t\t\t\t<\/div>\n\t\t\t\t<div class=\"elementor-element elementor-element-f23b847 elementor-widget elementor-widget-button\" data-id=\"f23b847\" data-element_type=\"widget\" data-widget_type=\"button.default\">\n\t\t\t\t<div class=\"elementor-widget-container\">\n\t\t\t\t\t<div class=\"elementor-button-wrapper\">\n\t\t\t<a class=\"elementor-button elementor-button-link elementor-size-sm elementor-animation-grow\" href=\"https:\/\/lescoulissesdustyle.com\/blog\/contact\/\" target=\"_blank\">\n\t\t\t\t\t\t<span class=\"elementor-button-content-wrapper\">\n\t\t\t\t\t\t<span class=\"elementor-button-text\">R\u00e9server la prestation<\/span>\n\t\t<\/span>\n\t\t\t\t\t<\/a>\n\t\t<\/div>\n\t\t\t\t<\/div>\n\t\t\t\t<\/div>\n\t\t\t\t\t<\/div>\n\t\t<\/div>\n\t\t\t\t<div class=\"elementor-column elementor-col-50 elementor-inner-column elementor-element elementor-element-ff1666b elementor-hidden-phone\" data-id=\"ff1666b\" data-element_type=\"column\">\n\t\t\t<div class=\"elementor-widget-wrap\">\n\t\t\t\t\t\t\t\t\t<\/div>\n\t\t<\/div>\n\t\t\t\t\t\t\t<\/div>\n\t\t<\/section>\n\t\t\t\t\t<\/div>\n\t\t<\/div>\n\t\t\t\t<div class=\"elementor-column elementor-col-25 elementor-top-column elementor-element elementor-element-1fb0dd35\" data-id=\"1fb0dd35\" data-element_type=\"column\" data-settings=\"{&quot;background_background&quot;:&quot;classic&quot;}\">\n\t\t\t<div class=\"elementor-widget-wrap elementor-element-populated\">\n\t\t\t\t\t\t\t\t<div class=\"elementor-element elementor-element-8cc5ca8 elementor-widget elementor-widget-image\" data-id=\"8cc5ca8\" data-element_type=\"widget\" data-widget_type=\"image.default\">\n\t\t\t\t<div class=\"elementor-widget-container\">\n\t\t\t\t\t\t\t\t\t\t\t\t\t\t\t<img width=\"2000\" height=\"1414\" src=\"https:\/\/lescoulissesdustyle.com\/blog\/wp-content\/uploads\/2021\/03\/personnal-shopper-biarritz.jpg\" class=\"attachment-full size-full wp-image-4002\" alt=\"Personnal shopper Biarritz conseil en image\" loading=\"lazy\" \/>\t\t\t\t\t\t\t\t\t\t\t\t\t\t\t<\/div>\n\t\t\t\t<\/div>\n\t\t\t\t\t<\/div>\n\t\t<\/div>\n\t\t\t\t<div class=\"elementor-column elementor-col-25 elementor-top-column elementor-element elementor-element-695ceddf\" data-id=\"695ceddf\" data-element_type=\"column\" data-settings=\"{&quot;background_background&quot;:&quot;classic&quot;}\">\n\t\t\t<div class=\"elementor-widget-wrap elementor-element-populated\">\n\t\t\t\t\t\t\t\t<div class=\"elementor-element elementor-element-2111c491 elementor-widget-mobile__width-initial animated-slow elementor-widget-tablet__width-initial elementor-hidden-phone elementor-invisible elementor-widget elementor-widget-spacer\" data-id=\"2111c491\" data-element_type=\"widget\" data-settings=\"{&quot;_animation&quot;:&quot;fadeInRight&quot;}\" data-widget_type=\"spacer.default\">\n\t\t\t\t<div class=\"elementor-widget-container\">\n\t\t\t\t\t<div class=\"elementor-spacer\">\n\t\t\t<div class=\"elementor-spacer-inner\"><\/div>\n\t\t<\/div>\n\t\t\t\t<\/div>\n\t\t\t\t<\/div>\n\t\t\t\t\t<\/div>\n\t\t<\/div>\n\t\t\t\t\t\t\t<\/div>\n\t\t<\/section>\n\t\t\t\t<section class=\"elementor-section elementor-top-section elementor-element elementor-element-c80f9df elementor-section-full_width elementor-section-stretched elementor-section-height-default elementor-section-height-default\" data-id=\"c80f9df\" data-element_type=\"section\" data-settings=\"{&quot;stretch_section&quot;:&quot;section-stretched&quot;}\">\n\t\t\t\t\t\t<div class=\"elementor-container elementor-column-gap-default\">\n\t\t\t\t\t<div class=\"elementor-column elementor-col-50 elementor-top-column elementor-element elementor-element-a2fa100 animated-slow elementor-invisible\" data-id=\"a2fa100\" data-element_type=\"column\" data-settings=\"{&quot;background_background&quot;:&quot;classic&quot;,&quot;animation&quot;:&quot;fadeInLeft&quot;}\">\n\t\t\t<div class=\"elementor-widget-wrap\">\n\t\t\t\t\t\t\t\t\t<\/div>\n\t\t<\/div>\n\t\t\t\t<div class=\"elementor-column elementor-col-50 elementor-top-column elementor-element elementor-element-6be7113\" data-id=\"6be7113\" data-element_type=\"column\">\n\t\t\t<div class=\"elementor-widget-wrap elementor-element-populated\">\n\t\t\t\t\t\t\t\t<div class=\"elementor-element elementor-element-a39095e elementor-widget elementor-widget-heading\" data-id=\"a39095e\" data-element_type=\"widget\" data-widget_type=\"heading.default\">\n\t\t\t\t<div class=\"elementor-widget-container\">\n\t\t\t<h2 class=\"elementor-heading-title elementor-size-default\">Le personal shopping, pour un <\/h2>\t\t<\/div>\n\t\t\t\t<\/div>\n\t\t\t\t<div class=\"elementor-element elementor-element-66835b4 animated-slow elementor-invisible elementor-widget elementor-widget-heading\" data-id=\"66835b4\" data-element_type=\"widget\" data-settings=\"{&quot;_animation&quot;:&quot;fadeInUp&quot;}\" data-widget_type=\"heading.default\">\n\t\t\t\t<div class=\"elementor-widget-container\">\n\t\t\t<h2 class=\"elementor-heading-title elementor-size-default\">shopping prive et sur-mesure<\/h2>\t\t<\/div>\n\t\t\t\t<\/div>\n\t\t\t\t<div class=\"elementor-element elementor-element-3b0167d elementor-widget elementor-widget-text-editor\" data-id=\"3b0167d\" data-element_type=\"widget\" data-widget_type=\"text-editor.default\">\n\t\t\t\t<div class=\"elementor-widget-container\">\n\t\t\t\t\t\t\t<p>Vous avez toujours r\u00eav\u00e9e d\u2019<strong>\u00eatre accompagn\u00e9(e) lors de vos s\u00e9ances shopping<\/strong> pour recevoir des conseils personnalis\u00e9s et l\u2019avis d\u2019une <strong>experte en mode et conseil en image<\/strong> ?<\/p><p>En tant que personnal shopper, je vous conseille et vous propose des essayages adapt\u00e9s \u00e0 votre budget, votre morphologie, votre style et vos envies pour vous <strong>cr\u00e9er la garde-robe de vos r\u00eave<\/strong> !<\/p>\t\t\t\t\t\t<\/div>\n\t\t\t\t<\/div>\n\t\t\t\t\t<\/div>\n\t\t<\/div>\n\t\t\t\t\t\t\t<\/div>\n\t\t<\/section>\n\t\t\t\t<section class=\"elementor-section elementor-top-section elementor-element elementor-element-a13e120 elementor-section-boxed elementor-section-height-default elementor-section-height-default\" data-id=\"a13e120\" data-element_type=\"section\">\n\t\t\t\t\t\t<div class=\"elementor-container elementor-column-gap-default\">\n\t\t\t\t\t<div class=\"elementor-column elementor-col-33 elementor-top-column elementor-element elementor-element-05694ec\" data-id=\"05694ec\" data-element_type=\"column\">\n\t\t\t<div class=\"elementor-widget-wrap\">\n\t\t\t\t\t\t\t\t\t<\/div>\n\t\t<\/div>\n\t\t\t\t<div class=\"elementor-column elementor-col-33 elementor-top-column elementor-element elementor-element-af3c4d0 animated-slow elementor-invisible\" data-id=\"af3c4d0\" data-element_type=\"column\" data-settings=\"{&quot;background_background&quot;:&quot;classic&quot;,&quot;animation&quot;:&quot;fadeInRight&quot;}\">\n\t\t\t<div class=\"elementor-widget-wrap elementor-element-populated\">\n\t\t\t\t\t\t\t\t<div class=\"elementor-element elementor-element-0941bf4 elementor-widget elementor-widget-heading\" data-id=\"0941bf4\" data-element_type=\"widget\" data-widget_type=\"heading.default\">\n\t\t\t\t<div class=\"elementor-widget-container\">\n\t\t\t<h3 class=\"elementor-heading-title elementor-size-default\">En individuel<\/h3>\t\t<\/div>\n\t\t\t\t<\/div>\n\t\t\t\t<div class=\"elementor-element elementor-element-03a88d4 elementor-align-center elementor-icon-list--layout-traditional elementor-list-item-link-full_width elementor-widget elementor-widget-icon-list\" data-id=\"03a88d4\" data-element_type=\"widget\" data-widget_type=\"icon-list.default\">\n\t\t\t\t<div class=\"elementor-widget-container\">\n\t\t\t\t\t<ul class=\"elementor-icon-list-items\">\n\t\t\t\t\t\t\t<li class=\"elementor-icon-list-item\">\n\t\t\t\t\t\t\t\t\t\t\t<span class=\"elementor-icon-list-icon\">\n\t\t\t\t\t\t\t<i aria-hidden=\"true\" class=\"fas fa-euro-sign\"><\/i>\t\t\t\t\t\t<\/span>\n\t\t\t\t\t\t\t\t\t\t<span class=\"elementor-icon-list-text\">60\u20ac\/heure<\/span>\n\t\t\t\t\t\t\t\t\t<\/li>\n\t\t\t\t\t\t<\/ul>\n\t\t\t\t<\/div>\n\t\t\t\t<\/div>\n\t\t\t\t\t<\/div>\n\t\t<\/div>\n\t\t\t\t<div class=\"elementor-column elementor-col-33 elementor-top-column elementor-element elementor-element-7669375\" data-id=\"7669375\" data-element_type=\"column\">\n\t\t\t<div class=\"elementor-widget-wrap\">\n\t\t\t\t\t\t\t\t\t<\/div>\n\t\t<\/div>\n\t\t\t\t\t\t\t<\/div>\n\t\t<\/section>\n\t\t\t\t<section class=\"elementor-section elementor-top-section elementor-element elementor-element-929d794 elementor-section-boxed elementor-section-height-default elementor-section-height-default\" data-id=\"929d794\" data-element_type=\"section\">\n\t\t\t\t\t\t<div class=\"elementor-container elementor-column-gap-default\">\n\t\t\t\t\t<div class=\"elementor-column elementor-col-100 elementor-top-column elementor-element elementor-element-8c72921\" data-id=\"8c72921\" data-element_type=\"column\">\n\t\t\t<div class=\"elementor-widget-wrap elementor-element-populated\">\n\t\t\t\t\t\t\t\t<div class=\"elementor-element elementor-element-76ebeae elementor-align-center elementor-widget elementor-widget-button\" data-id=\"76ebeae\" data-element_type=\"widget\" data-widget_type=\"button.default\">\n\t\t\t\t<div class=\"elementor-widget-container\">\n\t\t\t\t\t<div class=\"elementor-button-wrapper\">\n\t\t\t<a class=\"elementor-button elementor-button-link elementor-size-sm elementor-animation-grow\" href=\"https:\/\/lescoulissesdustyle.com\/blog\/contact\/\" target=\"_blank\">\n\t\t\t\t\t\t<span class=\"elementor-button-content-wrapper\">\n\t\t\t\t\t\t<span class=\"elementor-button-text\">R\u00e9server la prestation<\/span>\n\t\t<\/span>\n\t\t\t\t\t<\/a>\n\t\t<\/div>\n\t\t\t\t<\/div>\n\t\t\t\t<\/div>\n\t\t\t\t\t<\/div>\n\t\t<\/div>\n\t\t\t\t\t\t\t<\/div>\n\t\t<\/section>\n\t\t\t\t<section class=\"elementor-section elementor-top-section elementor-element elementor-element-f7ca594 elementor-section-boxed elementor-section-height-default elementor-section-height-default\" data-id=\"f7ca594\" data-element_type=\"section\">\n\t\t\t\t\t\t<div class=\"elementor-container elementor-column-gap-default\">\n\t\t\t\t\t<div class=\"elementor-column elementor-col-100 elementor-top-column elementor-element elementor-element-c4dca01\" data-id=\"c4dca01\" data-element_type=\"column\">\n\t\t\t<div class=\"elementor-widget-wrap elementor-element-populated\">\n\t\t\t\t\t\t\t\t<div class=\"elementor-element elementor-element-6952700b elementor-widget elementor-widget-heading\" data-id=\"6952700b\" data-element_type=\"widget\" data-widget_type=\"heading.default\">\n\t\t\t\t<div class=\"elementor-widget-container\">\n\t\t\t<h2 class=\"elementor-heading-title elementor-size-default\">Avis clients<\/h2>\t\t<\/div>\n\t\t\t\t<\/div>\n\t\t\t\t<div class=\"elementor-element elementor-element-555cf014 elementor-testimonial--skin-default elementor-testimonial--layout-image_inline elementor-testimonial--align-center elementor-pagination-type-bullets elementor-widget elementor-widget-testimonial-carousel\" data-id=\"555cf014\" data-element_type=\"widget\" data-settings=\"{&quot;autoplay_speed&quot;:6500,&quot;pagination&quot;:&quot;bullets&quot;,&quot;speed&quot;:500,&quot;autoplay&quot;:&quot;yes&quot;,&quot;loop&quot;:&quot;yes&quot;,&quot;pause_on_hover&quot;:&quot;yes&quot;,&quot;pause_on_interaction&quot;:&quot;yes&quot;,&quot;space_between&quot;:{&quot;unit&quot;:&quot;px&quot;,&quot;size&quot;:10,&quot;sizes&quot;:[]},&quot;space_between_tablet&quot;:{&quot;unit&quot;:&quot;px&quot;,&quot;size&quot;:10,&quot;sizes&quot;:[]},&quot;space_between_mobile&quot;:{&quot;unit&quot;:&quot;px&quot;,&quot;size&quot;:10,&quot;sizes&quot;:[]}}\" data-widget_type=\"testimonial-carousel.default\">\n\t\t\t\t<div class=\"elementor-widget-container\">\n\t\t\t\t\t<div class=\"elementor-swiper\">\n\t\t\t<div class=\"elementor-main-swiper swiper-container\">\n\t\t\t\t<div class=\"swiper-wrapper\">\n\t\t\t\t\t\t\t\t\t\t\t<div class=\"swiper-slide\">\n\t\t\t\t\t\t\t\t\t<div class=\"elementor-testimonial\">\n\t\t\t\t\t\t\t<div class=\"elementor-testimonial__content\">\n\t\t\t\t\t<div class=\"elementor-testimonial__text\">\n\t\t\t\t\t\t\"Super moment pass\u00e9 en la compagnie de Laura ! J'ai ador\u00e9 cette s\u00e9ance shopping personnalis\u00e9e.\"\t\t\t\t\t<\/div>\n\t\t\t\t\t\t\t\t\t<\/div>\n\t\t\t\t\t\t<div class=\"elementor-testimonial__footer\">\n\t\t\t\t\t\t\t\t<cite class=\"elementor-testimonial__cite\"><span class=\"elementor-testimonial__name\">Lisa C.<\/span><\/cite>\t\t\t<\/div>\n\t\t<\/div>\n\t\t\t\t\t\t\t\t<\/div>\n\t\t\t\t\t\t\t\t\t\t\t<div class=\"swiper-slide\">\n\t\t\t\t\t\t\t\t\t<div class=\"elementor-testimonial\">\n\t\t\t\t\t\t\t<div class=\"elementor-testimonial__content\">\n\t\t\t\t\t<div class=\"elementor-testimonial__text\">\n\t\t\t\t\t\t\"Merci pour ces tr\u00e8s bons conseils ! J'ai appr\u00e9ci\u00e9 d'avoir pu essayer et acheter des v\u00eatements qui me vont vraiment.\"\t\t\t\t\t<\/div>\n\t\t\t\t\t\t\t\t\t<\/div>\n\t\t\t\t\t\t<div class=\"elementor-testimonial__footer\">\n\t\t\t\t\t\t\t\t<cite class=\"elementor-testimonial__cite\"><span class=\"elementor-testimonial__name\">Elisa F.<\/span><\/cite>\t\t\t<\/div>\n\t\t<\/div>\n\t\t\t\t\t\t\t\t<\/div>\n\t\t\t\t\t\t\t\t\t<\/div>\n\t\t\t\t\t\t\t\t\t\t\t\t\t\t\t<div class=\"swiper-pagination\"><\/div>\n\t\t\t\t\t\t\t\t\t\t\t\t\t\t\t\t\t<\/div>\n\t\t<\/div>\n\t\t\t\t<\/div>\n\t\t\t\t<\/div>\n\t\t\t\t\t<\/div>\n\t\t<\/div>\n\t\t\t\t\t\t\t<\/div>\n\t\t<\/section>\n\t\t\t\t\t\t\t<\/div>\n\t\t","protected":false},"excerpt":{"rendered":"<p>Personal shopper B\u00e9n\u00e9ficiez de mon accompagnement en boutique en tant que personal shopper et conseill\u00e8re en image pour vous guider et conseiller dans votre shopping. R\u00e9server la prestation Le personal shopping, pour un shopping prive et sur-mesure Vous avez toujours r\u00eav\u00e9e d\u2019\u00eatre accompagn\u00e9(e) lors de vos s\u00e9ances shopping pour recevoir des conseils personnalis\u00e9s et l\u2019avis &hellip;<\/p>\n<p class=\"read-more\"> <a class=\"\" href=\"https:\/\/lescoulissesdustyle.com\/blog\/personnal-shopper\/\"> <span class=\"screen-reader-text\">Personnal shopper<\/span> Lire la suite\u00a0\u00bb<\/a><\/p>\n","protected":false},"author":2,"featured_media":0,"parent":0,"menu_order":0,"comment_status":"closed","ping_status":"closed","template":"","meta":{"site-sidebar-layout":"no-sidebar","site-content-layout":"page-builder","ast-global-header-display":"","ast-main-header-display":"","ast-hfb-above-header-display":"","ast-hfb-below-header-display":"","ast-hfb-mobile-header-display":"","site-post-title":"disabled","ast-breadcrumbs-content":"disabled","ast-featured-img":"disabled","footer-sml-layout":"","theme-transparent-header-meta":"default","adv-header-id-meta":"","stick-header-meta":"","header-above-stick-meta":"","header-main-stick-meta":"","header-below-stick-meta":""},"yoast_head":"<!-- This site is optimized with the Yoast SEO plugin v18.8 - https:\/\/yoast.com\/wordpress\/plugins\/seo\/ -->\n<title>Personnal shopper - Les Coulisses du Style<\/title>\n<meta name=\"robots\" content=\"index, follow, max-snippet:-1, max-image-preview:large, max-video-preview:-1\" \/>\n<link rel=\"canonical\" href=\"https:\/\/lescoulissesdustyle.com\/blog\/personnal-shopper\/\" \/>\n<meta property=\"og:locale\" content=\"fr_FR\" \/>\n<meta property=\"og:type\" content=\"article\" \/>\n<meta property=\"og:title\" content=\"Personnal shopper - Les Coulisses du Style\" \/>\n<meta property=\"og:description\" content=\"Personal shopper B\u00e9n\u00e9ficiez de mon accompagnement en boutique en tant que personal shopper et conseill\u00e8re en image pour vous guider et conseiller dans votre shopping. R\u00e9server la prestation Le personal shopping, pour un shopping prive et sur-mesure Vous avez toujours r\u00eav\u00e9e d\u2019\u00eatre accompagn\u00e9(e) lors de vos s\u00e9ances shopping pour recevoir des conseils personnalis\u00e9s et l\u2019avis &hellip; Personnal shopper Lire la suite\u00a0\u00bb\" \/>\n<meta property=\"og:url\" content=\"https:\/\/lescoulissesdustyle.com\/blog\/personnal-shopper\/\" \/>\n<meta property=\"og:site_name\" content=\"Les Coulisses du Style\" \/>\n<meta property=\"article:publisher\" content=\"https:\/\/www.facebook.com\/lescoulissesdustyle\/\" \/>\n<meta property=\"article:modified_time\" content=\"2023-01-04T12:26:33+00:00\" \/>\n<meta property=\"og:image\" content=\"https:\/\/lescoulissesdustyle.com\/blog\/wp-content\/uploads\/2021\/03\/personnal-shopper-biarritz.jpg\" \/>\n<meta name=\"twitter:card\" content=\"summary_large_image\" \/>\n<meta name=\"twitter:label1\" content=\"Dur\u00e9e de lecture estim\u00e9e\" \/>\n\t<meta name=\"twitter:data1\" content=\"2 minutes\" \/>\n<script type=\"application\/ld+json\" class=\"yoast-schema-graph\">{\"@context\":\"https:\/\/schema.org\",\"@graph\":[{\"@type\":\"Organization\",\"@id\":\"https:\/\/lescoulissesdustyle.com\/blog\/#organization\",\"name\":\"Les Coulisses du Style\",\"url\":\"https:\/\/lescoulissesdustyle.com\/blog\/\",\"sameAs\":[\"https:\/\/www.facebook.com\/lescoulissesdustyle\/\",\"https:\/\/www.instagram.com\/lescoulissesdustyle\/?hl=fr\"],\"logo\":{\"@type\":\"ImageObject\",\"inLanguage\":\"fr-FR\",\"@id\":\"https:\/\/lescoulissesdustyle.com\/blog\/#\/schema\/logo\/image\/\",\"url\":\"https:\/\/lescoulissesdustyle.com\/blog\/wp-content\/uploads\/2020\/09\/logo-noir.jpg\",\"contentUrl\":\"https:\/\/lescoulissesdustyle.com\/blog\/wp-content\/uploads\/2020\/09\/logo-noir.jpg\",\"width\":2314,\"height\":2136,\"caption\":\"Les Coulisses du Style\"},\"image\":{\"@id\":\"https:\/\/lescoulissesdustyle.com\/blog\/#\/schema\/logo\/image\/\"}},{\"@type\":\"WebSite\",\"@id\":\"https:\/\/lescoulissesdustyle.com\/blog\/#website\",\"url\":\"https:\/\/lescoulissesdustyle.com\/blog\/\",\"name\":\"Les Coulisses du Style\",\"description\":\"La mode ce n&#039;est pas ce qui se fait, c&#039;est ce qui vous va !\",\"publisher\":{\"@id\":\"https:\/\/lescoulissesdustyle.com\/blog\/#organization\"},\"potentialAction\":[{\"@type\":\"SearchAction\",\"target\":{\"@type\":\"EntryPoint\",\"urlTemplate\":\"https:\/\/lescoulissesdustyle.com\/blog\/?s={search_term_string}\"},\"query-input\":\"required name=search_term_string\"}],\"inLanguage\":\"fr-FR\"},{\"@type\":\"ImageObject\",\"inLanguage\":\"fr-FR\",\"@id\":\"https:\/\/lescoulissesdustyle.com\/blog\/personnal-shopper\/#primaryimage\",\"url\":\"https:\/\/lescoulissesdustyle.com\/blog\/wp-content\/uploads\/2021\/03\/personnal-shopper-biarritz.jpg\",\"contentUrl\":\"https:\/\/lescoulissesdustyle.com\/blog\/wp-content\/uploads\/2021\/03\/personnal-shopper-biarritz.jpg\",\"width\":2000,\"height\":1414,\"caption\":\"Personnal shopper Biarritz conseil en image\"},{\"@type\":\"WebPage\",\"@id\":\"https:\/\/lescoulissesdustyle.com\/blog\/personnal-shopper\/#webpage\",\"url\":\"https:\/\/lescoulissesdustyle.com\/blog\/personnal-shopper\/\",\"name\":\"Personnal shopper - Les Coulisses du Style\",\"isPartOf\":{\"@id\":\"https:\/\/lescoulissesdustyle.com\/blog\/#website\"},\"primaryImageOfPage\":{\"@id\":\"https:\/\/lescoulissesdustyle.com\/blog\/personnal-shopper\/#primaryimage\"},\"datePublished\":\"2021-03-04T14:29:09+00:00\",\"dateModified\":\"2023-01-04T12:26:33+00:00\",\"breadcrumb\":{\"@id\":\"https:\/\/lescoulissesdustyle.com\/blog\/personnal-shopper\/#breadcrumb\"},\"inLanguage\":\"fr-FR\",\"potentialAction\":[{\"@type\":\"ReadAction\",\"target\":[\"https:\/\/lescoulissesdustyle.com\/blog\/personnal-shopper\/\"]}]},{\"@type\":\"BreadcrumbList\",\"@id\":\"https:\/\/lescoulissesdustyle.com\/blog\/personnal-shopper\/#breadcrumb\",\"itemListElement\":[{\"@type\":\"ListItem\",\"position\":1,\"name\":\"Accueil\",\"item\":\"https:\/\/lescoulissesdustyle.com\/blog\/\"},{\"@type\":\"ListItem\",\"position\":2,\"name\":\"Personnal shopper\"}]}]}<\/script>\n<!-- \/ Yoast SEO plugin. -->","yoast_head_json":{"title":"Personnal shopper - Les Coulisses du Style","robots":{"index":"index","follow":"follow","max-snippet":"max-snippet:-1","max-image-preview":"max-image-preview:large","max-video-preview":"max-video-preview:-1"},"canonical":"https:\/\/lescoulissesdustyle.com\/blog\/personnal-shopper\/","og_locale":"fr_FR","og_type":"article","og_title":"Personnal shopper - Les Coulisses du Style","og_description":"Personal shopper B\u00e9n\u00e9ficiez de mon accompagnement en boutique en tant que personal shopper et conseill\u00e8re en image pour vous guider et conseiller dans votre shopping. R\u00e9server la prestation Le personal shopping, pour un shopping prive et sur-mesure Vous avez toujours r\u00eav\u00e9e d\u2019\u00eatre accompagn\u00e9(e) lors de vos s\u00e9ances shopping pour recevoir des conseils personnalis\u00e9s et l\u2019avis &hellip; Personnal shopper Lire la suite\u00a0\u00bb","og_url":"https:\/\/lescoulissesdustyle.com\/blog\/personnal-shopper\/","og_site_name":"Les Coulisses du Style","article_publisher":"https:\/\/www.facebook.com\/lescoulissesdustyle\/","article_modified_time":"2023-01-04T12:26:33+00:00","og_image":[{"url":"https:\/\/lescoulissesdustyle.com\/blog\/wp-content\/uploads\/2021\/03\/personnal-shopper-biarritz.jpg"}],"twitter_card":"summary_large_image","twitter_misc":{"Dur\u00e9e de lecture estim\u00e9e":"2 minutes"},"schema":{"@context":"https:\/\/schema.org","@graph":[{"@type":"Organization","@id":"https:\/\/lescoulissesdustyle.com\/blog\/#organization","name":"Les Coulisses du Style","url":"https:\/\/lescoulissesdustyle.com\/blog\/","sameAs":["https:\/\/www.facebook.com\/lescoulissesdustyle\/","https:\/\/www.instagram.com\/lescoulissesdustyle\/?hl=fr"],"logo":{"@type":"ImageObject","inLanguage":"fr-FR","@id":"https:\/\/lescoulissesdustyle.com\/blog\/#\/schema\/logo\/image\/","url":"https:\/\/lescoulissesdustyle.com\/blog\/wp-content\/uploads\/2020\/09\/logo-noir.jpg","contentUrl":"https:\/\/lescoulissesdustyle.com\/blog\/wp-content\/uploads\/2020\/09\/logo-noir.jpg","width":2314,"height":2136,"caption":"Les Coulisses du Style"},"image":{"@id":"https:\/\/lescoulissesdustyle.com\/blog\/#\/schema\/logo\/image\/"}},{"@type":"WebSite","@id":"https:\/\/lescoulissesdustyle.com\/blog\/#website","url":"https:\/\/lescoulissesdustyle.com\/blog\/","name":"Les Coulisses du Style","description":"La mode ce n&#039;est pas ce qui se fait, c&#039;est ce qui vous va !","publisher":{"@id":"https:\/\/lescoulissesdustyle.com\/blog\/#organization"},"potentialAction":[{"@type":"SearchAction","target":{"@type":"EntryPoint","urlTemplate":"https:\/\/lescoulissesdustyle.com\/blog\/?s={search_term_string}"},"query-input":"required name=search_term_string"}],"inLanguage":"fr-FR"},{"@type":"ImageObject","inLanguage":"fr-FR","@id":"https:\/\/lescoulissesdustyle.com\/blog\/personnal-shopper\/#primaryimage","url":"https:\/\/lescoulissesdustyle.com\/blog\/wp-content\/uploads\/2021\/03\/personnal-shopper-biarritz.jpg","contentUrl":"https:\/\/lescoulissesdustyle.com\/blog\/wp-content\/uploads\/2021\/03\/personnal-shopper-biarritz.jpg","width":2000,"height":1414,"caption":"Personnal shopper Biarritz conseil en image"},{"@type":"WebPage","@id":"https:\/\/lescoulissesdustyle.com\/blog\/personnal-shopper\/#webpage","url":"https:\/\/lescoulissesdustyle.com\/blog\/personnal-shopper\/","name":"Personnal shopper - Les Coulisses du Style","isPartOf":{"@id":"https:\/\/lescoulissesdustyle.com\/blog\/#website"},"primaryImageOfPage":{"@id":"https:\/\/lescoulissesdustyle.com\/blog\/personnal-shopper\/#primaryimage"},"datePublished":"2021-03-04T14:29:09+00:00","dateModified":"2023-01-04T12:26:33+00:00","breadcrumb":{"@id":"https:\/\/lescoulissesdustyle.com\/blog\/personnal-shopper\/#breadcrumb"},"inLanguage":"fr-FR","potentialAction":[{"@type":"ReadAction","target":["https:\/\/lescoulissesdustyle.com\/blog\/personnal-shopper\/"]}]},{"@type":"BreadcrumbList","@id":"https:\/\/lescoulissesdustyle.com\/blog\/personnal-shopper\/#breadcrumb","itemListElement":[{"@type":"ListItem","position":1,"name":"Accueil","item":"https:\/\/lescoulissesdustyle.com\/blog\/"},{"@type":"ListItem","position":2,"name":"Personnal shopper"}]}]}},"_links":{"self":[{"href":"https:\/\/lescoulissesdustyle.com\/blog\/wp-json\/wp\/v2\/pages\/3999"}],"collection":[{"href":"https:\/\/lescoulissesdustyle.com\/blog\/wp-json\/wp\/v2\/pages"}],"about":[{"href":"https:\/\/lescoulissesdustyle.com\/blog\/wp-json\/wp\/v2\/types\/page"}],"author":[{"embeddable":true,"href":"https:\/\/lescoulissesdustyle.com\/blog\/wp-json\/wp\/v2\/users\/2"}],"replies":[{"embeddable":true,"href":"https:\/\/lescoulissesdustyle.com\/blog\/wp-json\/wp\/v2\/comments?post=3999"}],"version-history":[{"count":38,"href":"https:\/\/lescoulissesdustyle.com\/blog\/wp-json\/wp\/v2\/pages\/3999\/revisions"}],"predecessor-version":[{"id":16630,"href":"https:\/\/lescoulissesdustyle.com\/blog\/wp-json\/wp\/v2\/pages\/3999\/revisions\/16630"}],"wp:attachment":[{"href":"https:\/\/lescoulissesdustyle.com\/blog\/wp-json\/wp\/v2\/media?parent=3999"}],"curies":[{"name":"wp","href":"https:\/\/api.w.org\/{rel}","templated":true}]}}