{"id":6917,"date":"2021-07-05T12:02:21","date_gmt":"2021-07-05T12:02:21","guid":{"rendered":"https:\/\/lescoulissesdustyle.com\/blog\/?page_id=6917"},"modified":"2022-12-29T15:34:02","modified_gmt":"2022-12-29T15:34:02","slug":"offrir-un-bon-cadeau","status":"publish","type":"page","link":"https:\/\/lescoulissesdustyle.com\/blog\/offrir-un-bon-cadeau\/","title":{"rendered":"Offrir un bon cadeau"},"content":{"rendered":"\t\t<div data-elementor-type=\"wp-page\" data-elementor-id=\"6917\" class=\"elementor elementor-6917\">\n\t\t\t\t\t\t\t\t\t<section class=\"elementor-section elementor-top-section elementor-element elementor-element-13e880a elementor-section-height-min-height elementor-section-boxed elementor-section-height-default elementor-section-items-middle\" data-id=\"13e880a\" data-element_type=\"section\" data-settings=\"{&quot;background_background&quot;:&quot;classic&quot;}\">\n\t\t\t\t\t\t<div class=\"elementor-container elementor-column-gap-no\">\n\t\t\t\t\t<div class=\"elementor-column elementor-col-100 elementor-top-column elementor-element elementor-element-6b738a1\" data-id=\"6b738a1\" data-element_type=\"column\">\n\t\t\t<div class=\"elementor-widget-wrap elementor-element-populated\">\n\t\t\t\t\t\t\t\t<div class=\"elementor-element elementor-element-bdd282d elementor-widget elementor-widget-heading\" data-id=\"bdd282d\" data-element_type=\"widget\" data-widget_type=\"heading.default\">\n\t\t\t\t<div class=\"elementor-widget-container\">\n\t\t\t<h2 class=\"elementor-heading-title elementor-size-default\">OFFRIR UN <\/h2>\t\t<\/div>\n\t\t\t\t<\/div>\n\t\t\t\t<div class=\"elementor-element elementor-element-c89d423 elementor-widget elementor-widget-heading\" data-id=\"c89d423\" data-element_type=\"widget\" data-widget_type=\"heading.default\">\n\t\t\t\t<div class=\"elementor-widget-container\">\n\t\t\t<h2 class=\"elementor-heading-title elementor-size-default\">bon cadeau<\/h2>\t\t<\/div>\n\t\t\t\t<\/div>\n\t\t\t\t<div class=\"elementor-element elementor-element-90a334c elementor-widget elementor-widget-spacer\" data-id=\"90a334c\" data-element_type=\"widget\" data-widget_type=\"spacer.default\">\n\t\t\t\t<div class=\"elementor-widget-container\">\n\t\t\t\t\t<div class=\"elementor-spacer\">\n\t\t\t<div class=\"elementor-spacer-inner\"><\/div>\n\t\t<\/div>\n\t\t\t\t<\/div>\n\t\t\t\t<\/div>\n\t\t\t\t\t<\/div>\n\t\t<\/div>\n\t\t\t\t\t\t\t<\/div>\n\t\t<\/section>\n\t\t\t\t<section class=\"elementor-section elementor-top-section elementor-element elementor-element-79fdda0 elementor-section-content-middle elementor-section-boxed elementor-section-height-default elementor-section-height-default\" data-id=\"79fdda0\" data-element_type=\"section\">\n\t\t\t\t\t\t<div class=\"elementor-container elementor-column-gap-no\">\n\t\t\t\t\t<div class=\"elementor-column elementor-col-100 elementor-top-column elementor-element elementor-element-1af05a8\" data-id=\"1af05a8\" data-element_type=\"column\">\n\t\t\t<div class=\"elementor-widget-wrap elementor-element-populated\">\n\t\t\t\t\t\t\t\t<section class=\"elementor-section elementor-inner-section elementor-element elementor-element-db28617 elementor-section-content-middle elementor-hidden-tablet elementor-hidden-phone elementor-section-boxed elementor-section-height-default elementor-section-height-default\" data-id=\"db28617\" data-element_type=\"section\">\n\t\t\t\t\t\t<div class=\"elementor-container elementor-column-gap-no\">\n\t\t\t\t\t<div class=\"elementor-column elementor-col-50 elementor-inner-column elementor-element elementor-element-664233f\" data-id=\"664233f\" data-element_type=\"column\">\n\t\t\t<div class=\"elementor-widget-wrap elementor-element-populated\">\n\t\t\t\t\t\t\t\t<div class=\"elementor-element elementor-element-a310664 elementor-widget elementor-widget-heading\" data-id=\"a310664\" data-element_type=\"widget\" data-widget_type=\"heading.default\">\n\t\t\t\t<div class=\"elementor-widget-container\">\n\t\t\t<h4 class=\"elementor-heading-title elementor-size-default\">Bon cadeau<\/h4>\t\t<\/div>\n\t\t\t\t<\/div>\n\t\t\t\t<div class=\"elementor-element elementor-element-170e065 elementor-widget elementor-widget-heading\" data-id=\"170e065\" data-element_type=\"widget\" data-widget_type=\"heading.default\">\n\t\t\t\t<div class=\"elementor-widget-container\">\n\t\t\t<h4 class=\"elementor-heading-title elementor-size-default\">Libre<\/h4>\t\t<\/div>\n\t\t\t\t<\/div>\n\t\t\t\t<div class=\"elementor-element elementor-element-8ebb8f6 elementor-widget elementor-widget-text-editor\" data-id=\"8ebb8f6\" data-element_type=\"widget\" data-widget_type=\"text-editor.default\">\n\t\t\t\t<div class=\"elementor-widget-container\">\n\t\t\t\t\t\t\t<p>Vous souhaitez <strong>offrir un bon cadeau<\/strong> \u00e0 l&rsquo;une de vos proches mais ne savez pas ce qui lui fera plaisir ? Choisissez le <strong>montant de votre choix<\/strong> pour cette <strong>carte-cadeau<\/strong> qui pourra \u00eatre utilis\u00e9 : en boutique, ou pour une prestation de conseil en image<\/p>\t\t\t\t\t\t<\/div>\n\t\t\t\t<\/div>\n\t\t\t\t<div class=\"elementor-element elementor-element-ae5bb29 elementor-align-center elementor-widget elementor-widget-button\" data-id=\"ae5bb29\" data-element_type=\"widget\" data-widget_type=\"button.default\">\n\t\t\t\t<div class=\"elementor-widget-container\">\n\t\t\t\t\t<div class=\"elementor-button-wrapper\">\n\t\t\t<a class=\"elementor-button elementor-button-link elementor-size-sm\" href=\"https:\/\/lescoulissesdustyle.com\/blog\/contact\/\">\n\t\t\t\t\t\t<span class=\"elementor-button-content-wrapper\">\n\t\t\t\t\t\t<span class=\"elementor-button-text\">NOUS CONTACTER <\/span>\n\t\t<\/span>\n\t\t\t\t\t<\/a>\n\t\t<\/div>\n\t\t\t\t<\/div>\n\t\t\t\t<\/div>\n\t\t\t\t\t<\/div>\n\t\t<\/div>\n\t\t\t\t<div class=\"elementor-column elementor-col-50 elementor-inner-column elementor-element elementor-element-e6b93f1\" data-id=\"e6b93f1\" data-element_type=\"column\">\n\t\t\t<div class=\"elementor-widget-wrap elementor-element-populated\">\n\t\t\t\t\t\t\t\t<div class=\"elementor-element elementor-element-5a7be7a elementor-widget elementor-widget-heading\" data-id=\"5a7be7a\" data-element_type=\"widget\" data-widget_type=\"heading.default\">\n\t\t\t\t<div class=\"elementor-widget-container\">\n\t\t\t<h4 class=\"elementor-heading-title elementor-size-default\">Bon cadeau<\/h4>\t\t<\/div>\n\t\t\t\t<\/div>\n\t\t\t\t<div class=\"elementor-element elementor-element-f01f5be elementor-widget elementor-widget-heading\" data-id=\"f01f5be\" data-element_type=\"widget\" data-widget_type=\"heading.default\">\n\t\t\t\t<div class=\"elementor-widget-container\">\n\t\t\t<h4 class=\"elementor-heading-title elementor-size-default\">Prestation de conseil en image<\/h4>\t\t<\/div>\n\t\t\t\t<\/div>\n\t\t\t\t<div class=\"elementor-element elementor-element-e28b864 elementor-widget elementor-widget-text-editor\" data-id=\"e28b864\" data-element_type=\"widget\" data-widget_type=\"text-editor.default\">\n\t\t\t\t<div class=\"elementor-widget-container\">\n\t\t\t\t\t\t\t<p>Vous souhaitez <strong>offrir une prestation de conseil en image<\/strong> \u00e0 l&rsquo;une de vos proches ?<\/p><p>Vous n&rsquo;avez qu&rsquo;\u00e0 choisir la prestation qui lui fera le plus plaisir !<\/p>\t\t\t\t\t\t<\/div>\n\t\t\t\t<\/div>\n\t\t\t\t<div class=\"elementor-element elementor-element-3853623 elementor-align-center elementor-widget elementor-widget-button\" data-id=\"3853623\" data-element_type=\"widget\" data-widget_type=\"button.default\">\n\t\t\t\t<div class=\"elementor-widget-container\">\n\t\t\t\t\t<div class=\"elementor-button-wrapper\">\n\t\t\t<a class=\"elementor-button elementor-button-link elementor-size-sm\" href=\"https:\/\/lescoulissesdustyle.com\/blog\/contact\/\">\n\t\t\t\t\t\t<span class=\"elementor-button-content-wrapper\">\n\t\t\t\t\t\t<span class=\"elementor-button-text\">NOUS CONTACTER<\/span>\n\t\t<\/span>\n\t\t\t\t\t<\/a>\n\t\t<\/div>\n\t\t\t\t<\/div>\n\t\t\t\t<\/div>\n\t\t\t\t\t<\/div>\n\t\t<\/div>\n\t\t\t\t\t\t\t<\/div>\n\t\t<\/section>\n\t\t\t\t\t<\/div>\n\t\t<\/div>\n\t\t\t\t\t\t\t<\/div>\n\t\t<\/section>\n\t\t\t\t<section class=\"elementor-section elementor-top-section elementor-element elementor-element-e037595 elementor-hidden-desktop elementor-section-boxed elementor-section-height-default elementor-section-height-default\" data-id=\"e037595\" data-element_type=\"section\">\n\t\t\t\t\t\t<div class=\"elementor-container elementor-column-gap-default\">\n\t\t\t\t\t<div class=\"elementor-column elementor-col-50 elementor-top-column elementor-element elementor-element-460db5c\" data-id=\"460db5c\" data-element_type=\"column\">\n\t\t\t<div class=\"elementor-widget-wrap elementor-element-populated\">\n\t\t\t\t\t\t\t\t<div class=\"elementor-element elementor-element-30b45e7 elementor-widget elementor-widget-heading\" data-id=\"30b45e7\" data-element_type=\"widget\" data-widget_type=\"heading.default\">\n\t\t\t\t<div class=\"elementor-widget-container\">\n\t\t\t<h4 class=\"elementor-heading-title elementor-size-default\">Bon cadeau<\/h4>\t\t<\/div>\n\t\t\t\t<\/div>\n\t\t\t\t<div class=\"elementor-element elementor-element-c85463a elementor-widget elementor-widget-heading\" data-id=\"c85463a\" data-element_type=\"widget\" data-widget_type=\"heading.default\">\n\t\t\t\t<div class=\"elementor-widget-container\">\n\t\t\t<h4 class=\"elementor-heading-title elementor-size-default\">Prestation<\/h4>\t\t<\/div>\n\t\t\t\t<\/div>\n\t\t\t\t<div class=\"elementor-element elementor-element-8d7ec76 elementor-widget elementor-widget-text-editor\" data-id=\"8d7ec76\" data-element_type=\"widget\" data-widget_type=\"text-editor.default\">\n\t\t\t\t<div class=\"elementor-widget-container\">\n\t\t\t\t\t\t\t<p>Vous souhaitez <strong>offrir une prestation de conseil en image<\/strong> \u00e0 l&rsquo;une de vos proches ? Vous n&rsquo;avez qu&rsquo;\u00e0 choisir la prestation que vous souhaitez lui offrir et qui lui fera le plus plaisir !<\/p>\t\t\t\t\t\t<\/div>\n\t\t\t\t<\/div>\n\t\t\t\t<div class=\"elementor-element elementor-element-154da40 elementor-align-center elementor-widget elementor-widget-button\" data-id=\"154da40\" data-element_type=\"widget\" data-widget_type=\"button.default\">\n\t\t\t\t<div class=\"elementor-widget-container\">\n\t\t\t\t\t<div class=\"elementor-button-wrapper\">\n\t\t\t<a class=\"elementor-button elementor-button-link elementor-size-sm\" href=\"https:\/\/lescoulissesdustyle.com\/blog\/contact\/\">\n\t\t\t\t\t\t<span class=\"elementor-button-content-wrapper\">\n\t\t\t\t\t\t<span class=\"elementor-button-text\">NOUS CONTACTER<\/span>\n\t\t<\/span>\n\t\t\t\t\t<\/a>\n\t\t<\/div>\n\t\t\t\t<\/div>\n\t\t\t\t<\/div>\n\t\t\t\t\t<\/div>\n\t\t<\/div>\n\t\t\t\t<div class=\"elementor-column elementor-col-50 elementor-top-column elementor-element elementor-element-bf214a5\" data-id=\"bf214a5\" data-element_type=\"column\">\n\t\t\t<div class=\"elementor-widget-wrap elementor-element-populated\">\n\t\t\t\t\t\t\t\t<div class=\"elementor-element elementor-element-9f9539d elementor-widget elementor-widget-heading\" data-id=\"9f9539d\" data-element_type=\"widget\" data-widget_type=\"heading.default\">\n\t\t\t\t<div class=\"elementor-widget-container\">\n\t\t\t<h4 class=\"elementor-heading-title elementor-size-default\">Bon cadeau<\/h4>\t\t<\/div>\n\t\t\t\t<\/div>\n\t\t\t\t<div class=\"elementor-element elementor-element-31328cc elementor-widget elementor-widget-heading\" data-id=\"31328cc\" data-element_type=\"widget\" data-widget_type=\"heading.default\">\n\t\t\t\t<div class=\"elementor-widget-container\">\n\t\t\t<h4 class=\"elementor-heading-title elementor-size-default\">Libre<\/h4>\t\t<\/div>\n\t\t\t\t<\/div>\n\t\t\t\t<div class=\"elementor-element elementor-element-863a042 elementor-widget elementor-widget-text-editor\" data-id=\"863a042\" data-element_type=\"widget\" data-widget_type=\"text-editor.default\">\n\t\t\t\t<div class=\"elementor-widget-container\">\n\t\t\t\t\t\t\t<p>Vous souhaitez <strong>offrir un bon cadeau<\/strong> \u00e0 l&rsquo;une de vos proches ? Choisissez le montant de votre choix pour cette carte-cadeau qui pourra \u00eatre utilis\u00e9 : sur le e-shop, en boutique, ou pour une prestation.<\/p>\t\t\t\t\t\t<\/div>\n\t\t\t\t<\/div>\n\t\t\t\t<div class=\"elementor-element elementor-element-e89aea9 elementor-align-center elementor-widget elementor-widget-button\" data-id=\"e89aea9\" data-element_type=\"widget\" data-widget_type=\"button.default\">\n\t\t\t\t<div class=\"elementor-widget-container\">\n\t\t\t\t\t<div class=\"elementor-button-wrapper\">\n\t\t\t<a class=\"elementor-button elementor-button-link elementor-size-sm\" href=\"https:\/\/lescoulissesdustyle.com\/blog\/contact\/\">\n\t\t\t\t\t\t<span class=\"elementor-button-content-wrapper\">\n\t\t\t\t\t\t<span class=\"elementor-button-text\">NOUS CONTACTER<\/span>\n\t\t<\/span>\n\t\t\t\t\t<\/a>\n\t\t<\/div>\n\t\t\t\t<\/div>\n\t\t\t\t<\/div>\n\t\t\t\t\t<\/div>\n\t\t<\/div>\n\t\t\t\t\t\t\t<\/div>\n\t\t<\/section>\n\t\t\t\t\t\t\t<\/div>\n\t\t","protected":false},"excerpt":{"rendered":"<p>OFFRIR UN bon cadeau Bon cadeau Libre Vous souhaitez offrir un bon cadeau \u00e0 l&rsquo;une de vos proches mais ne savez pas ce qui lui fera plaisir ? Choisissez le montant de votre choix pour cette carte-cadeau qui pourra \u00eatre utilis\u00e9 : en boutique, ou pour une prestation de conseil en image NOUS CONTACTER Bon &hellip;<\/p>\n<p class=\"read-more\"> <a class=\"\" href=\"https:\/\/lescoulissesdustyle.com\/blog\/offrir-un-bon-cadeau\/\"> <span class=\"screen-reader-text\">Offrir un bon cadeau<\/span> Lire la suite\u00a0\u00bb<\/a><\/p>\n","protected":false},"author":2,"featured_media":0,"parent":0,"menu_order":0,"comment_status":"closed","ping_status":"closed","template":"","meta":{"site-sidebar-layout":"no-sidebar","site-content-layout":"page-builder","ast-global-header-display":"","ast-main-header-display":"","ast-hfb-above-header-display":"","ast-hfb-below-header-display":"","ast-hfb-mobile-header-display":"","site-post-title":"disabled","ast-breadcrumbs-content":"disabled","ast-featured-img":"disabled","footer-sml-layout":"","theme-transparent-header-meta":"default","adv-header-id-meta":"","stick-header-meta":"","header-above-stick-meta":"","header-main-stick-meta":"","header-below-stick-meta":""},"yoast_head":"<!-- This site is optimized with the Yoast SEO plugin v18.8 - https:\/\/yoast.com\/wordpress\/plugins\/seo\/ -->\n<title>Offrir un bon cadeau - Les Coulisses du Style<\/title>\n<meta name=\"description\" content=\"Vous voulez faire plaisir \u00e0 l&#039;une de vos proches ? Offrez-lui un bon cadeau pour une prestation de conseil en image !\" \/>\n<meta name=\"robots\" content=\"index, follow, max-snippet:-1, max-image-preview:large, max-video-preview:-1\" \/>\n<link rel=\"canonical\" href=\"https:\/\/lescoulissesdustyle.com\/blog\/offrir-un-bon-cadeau\/\" \/>\n<meta property=\"og:locale\" content=\"fr_FR\" \/>\n<meta property=\"og:type\" content=\"article\" \/>\n<meta property=\"og:title\" content=\"Offrir un bon cadeau - Les Coulisses du Style\" \/>\n<meta property=\"og:description\" content=\"Vous voulez faire plaisir \u00e0 l&#039;une de vos proches ? Offrez-lui un bon cadeau pour une prestation de conseil en image !\" \/>\n<meta property=\"og:url\" content=\"https:\/\/lescoulissesdustyle.com\/blog\/offrir-un-bon-cadeau\/\" \/>\n<meta property=\"og:site_name\" content=\"Les Coulisses du Style\" \/>\n<meta property=\"article:publisher\" content=\"https:\/\/www.facebook.com\/lescoulissesdustyle\/\" \/>\n<meta property=\"article:modified_time\" content=\"2022-12-29T15:34:02+00:00\" \/>\n<meta name=\"twitter:card\" content=\"summary_large_image\" \/>\n<meta name=\"twitter:label1\" content=\"Dur\u00e9e de lecture estim\u00e9e\" \/>\n\t<meta name=\"twitter:data1\" content=\"1 minute\" \/>\n<script type=\"application\/ld+json\" class=\"yoast-schema-graph\">{\"@context\":\"https:\/\/schema.org\",\"@graph\":[{\"@type\":\"Organization\",\"@id\":\"https:\/\/lescoulissesdustyle.com\/blog\/#organization\",\"name\":\"Les Coulisses du Style\",\"url\":\"https:\/\/lescoulissesdustyle.com\/blog\/\",\"sameAs\":[\"https:\/\/www.facebook.com\/lescoulissesdustyle\/\",\"https:\/\/www.instagram.com\/lescoulissesdustyle\/?hl=fr\"],\"logo\":{\"@type\":\"ImageObject\",\"inLanguage\":\"fr-FR\",\"@id\":\"https:\/\/lescoulissesdustyle.com\/blog\/#\/schema\/logo\/image\/\",\"url\":\"https:\/\/lescoulissesdustyle.com\/blog\/wp-content\/uploads\/2020\/09\/logo-noir.jpg\",\"contentUrl\":\"https:\/\/lescoulissesdustyle.com\/blog\/wp-content\/uploads\/2020\/09\/logo-noir.jpg\",\"width\":2314,\"height\":2136,\"caption\":\"Les Coulisses du Style\"},\"image\":{\"@id\":\"https:\/\/lescoulissesdustyle.com\/blog\/#\/schema\/logo\/image\/\"}},{\"@type\":\"WebSite\",\"@id\":\"https:\/\/lescoulissesdustyle.com\/blog\/#website\",\"url\":\"https:\/\/lescoulissesdustyle.com\/blog\/\",\"name\":\"Les Coulisses du Style\",\"description\":\"La mode ce n&#039;est pas ce qui se fait, c&#039;est ce qui vous va !\",\"publisher\":{\"@id\":\"https:\/\/lescoulissesdustyle.com\/blog\/#organization\"},\"potentialAction\":[{\"@type\":\"SearchAction\",\"target\":{\"@type\":\"EntryPoint\",\"urlTemplate\":\"https:\/\/lescoulissesdustyle.com\/blog\/?s={search_term_string}\"},\"query-input\":\"required name=search_term_string\"}],\"inLanguage\":\"fr-FR\"},{\"@type\":\"WebPage\",\"@id\":\"https:\/\/lescoulissesdustyle.com\/blog\/offrir-un-bon-cadeau\/#webpage\",\"url\":\"https:\/\/lescoulissesdustyle.com\/blog\/offrir-un-bon-cadeau\/\",\"name\":\"Offrir un bon cadeau - Les Coulisses du Style\",\"isPartOf\":{\"@id\":\"https:\/\/lescoulissesdustyle.com\/blog\/#website\"},\"datePublished\":\"2021-07-05T12:02:21+00:00\",\"dateModified\":\"2022-12-29T15:34:02+00:00\",\"description\":\"Vous voulez faire plaisir \u00e0 l'une de vos proches ? Offrez-lui un bon cadeau pour une prestation de conseil en image !\",\"breadcrumb\":{\"@id\":\"https:\/\/lescoulissesdustyle.com\/blog\/offrir-un-bon-cadeau\/#breadcrumb\"},\"inLanguage\":\"fr-FR\",\"potentialAction\":[{\"@type\":\"ReadAction\",\"target\":[\"https:\/\/lescoulissesdustyle.com\/blog\/offrir-un-bon-cadeau\/\"]}]},{\"@type\":\"BreadcrumbList\",\"@id\":\"https:\/\/lescoulissesdustyle.com\/blog\/offrir-un-bon-cadeau\/#breadcrumb\",\"itemListElement\":[{\"@type\":\"ListItem\",\"position\":1,\"name\":\"Accueil\",\"item\":\"https:\/\/lescoulissesdustyle.com\/blog\/\"},{\"@type\":\"ListItem\",\"position\":2,\"name\":\"Offrir un bon cadeau\"}]}]}<\/script>\n<!-- \/ Yoast SEO plugin. -->","yoast_head_json":{"title":"Offrir un bon cadeau - Les Coulisses du Style","description":"Vous voulez faire plaisir \u00e0 l'une de vos proches ? Offrez-lui un bon cadeau pour une prestation de conseil en image !","robots":{"index":"index","follow":"follow","max-snippet":"max-snippet:-1","max-image-preview":"max-image-preview:large","max-video-preview":"max-video-preview:-1"},"canonical":"https:\/\/lescoulissesdustyle.com\/blog\/offrir-un-bon-cadeau\/","og_locale":"fr_FR","og_type":"article","og_title":"Offrir un bon cadeau - Les Coulisses du Style","og_description":"Vous voulez faire plaisir \u00e0 l'une de vos proches ? Offrez-lui un bon cadeau pour une prestation de conseil en image !","og_url":"https:\/\/lescoulissesdustyle.com\/blog\/offrir-un-bon-cadeau\/","og_site_name":"Les Coulisses du Style","article_publisher":"https:\/\/www.facebook.com\/lescoulissesdustyle\/","article_modified_time":"2022-12-29T15:34:02+00:00","twitter_card":"summary_large_image","twitter_misc":{"Dur\u00e9e de lecture estim\u00e9e":"1 minute"},"schema":{"@context":"https:\/\/schema.org","@graph":[{"@type":"Organization","@id":"https:\/\/lescoulissesdustyle.com\/blog\/#organization","name":"Les Coulisses du Style","url":"https:\/\/lescoulissesdustyle.com\/blog\/","sameAs":["https:\/\/www.facebook.com\/lescoulissesdustyle\/","https:\/\/www.instagram.com\/lescoulissesdustyle\/?hl=fr"],"logo":{"@type":"ImageObject","inLanguage":"fr-FR","@id":"https:\/\/lescoulissesdustyle.com\/blog\/#\/schema\/logo\/image\/","url":"https:\/\/lescoulissesdustyle.com\/blog\/wp-content\/uploads\/2020\/09\/logo-noir.jpg","contentUrl":"https:\/\/lescoulissesdustyle.com\/blog\/wp-content\/uploads\/2020\/09\/logo-noir.jpg","width":2314,"height":2136,"caption":"Les Coulisses du Style"},"image":{"@id":"https:\/\/lescoulissesdustyle.com\/blog\/#\/schema\/logo\/image\/"}},{"@type":"WebSite","@id":"https:\/\/lescoulissesdustyle.com\/blog\/#website","url":"https:\/\/lescoulissesdustyle.com\/blog\/","name":"Les Coulisses du Style","description":"La mode ce n&#039;est pas ce qui se fait, c&#039;est ce qui vous va !","publisher":{"@id":"https:\/\/lescoulissesdustyle.com\/blog\/#organization"},"potentialAction":[{"@type":"SearchAction","target":{"@type":"EntryPoint","urlTemplate":"https:\/\/lescoulissesdustyle.com\/blog\/?s={search_term_string}"},"query-input":"required name=search_term_string"}],"inLanguage":"fr-FR"},{"@type":"WebPage","@id":"https:\/\/lescoulissesdustyle.com\/blog\/offrir-un-bon-cadeau\/#webpage","url":"https:\/\/lescoulissesdustyle.com\/blog\/offrir-un-bon-cadeau\/","name":"Offrir un bon cadeau - Les Coulisses du Style","isPartOf":{"@id":"https:\/\/lescoulissesdustyle.com\/blog\/#website"},"datePublished":"2021-07-05T12:02:21+00:00","dateModified":"2022-12-29T15:34:02+00:00","description":"Vous voulez faire plaisir \u00e0 l'une de vos proches ? Offrez-lui un bon cadeau pour une prestation de conseil en image !","breadcrumb":{"@id":"https:\/\/lescoulissesdustyle.com\/blog\/offrir-un-bon-cadeau\/#breadcrumb"},"inLanguage":"fr-FR","potentialAction":[{"@type":"ReadAction","target":["https:\/\/lescoulissesdustyle.com\/blog\/offrir-un-bon-cadeau\/"]}]},{"@type":"BreadcrumbList","@id":"https:\/\/lescoulissesdustyle.com\/blog\/offrir-un-bon-cadeau\/#breadcrumb","itemListElement":[{"@type":"ListItem","position":1,"name":"Accueil","item":"https:\/\/lescoulissesdustyle.com\/blog\/"},{"@type":"ListItem","position":2,"name":"Offrir un bon cadeau"}]}]}},"_links":{"self":[{"href":"https:\/\/lescoulissesdustyle.com\/blog\/wp-json\/wp\/v2\/pages\/6917"}],"collection":[{"href":"https:\/\/lescoulissesdustyle.com\/blog\/wp-json\/wp\/v2\/pages"}],"about":[{"href":"https:\/\/lescoulissesdustyle.com\/blog\/wp-json\/wp\/v2\/types\/page"}],"author":[{"embeddable":true,"href":"https:\/\/lescoulissesdustyle.com\/blog\/wp-json\/wp\/v2\/users\/2"}],"replies":[{"embeddable":true,"href":"https:\/\/lescoulissesdustyle.com\/blog\/wp-json\/wp\/v2\/comments?post=6917"}],"version-history":[{"count":45,"href":"https:\/\/lescoulissesdustyle.com\/blog\/wp-json\/wp\/v2\/pages\/6917\/revisions"}],"predecessor-version":[{"id":16516,"href":"https:\/\/lescoulissesdustyle.com\/blog\/wp-json\/wp\/v2\/pages\/6917\/revisions\/16516"}],"wp:attachment":[{"href":"https:\/\/lescoulissesdustyle.com\/blog\/wp-json\/wp\/v2\/media?parent=6917"}],"curies":[{"name":"wp","href":"https:\/\/api.w.org\/{rel}","templated":true}]}}